{"id":3304,"date":"2023-07-19T11:37:12","date_gmt":"2023-07-19T09:37:12","guid":{"rendered":"https:\/\/klima-theke.com\/produkt\/heizkoerper-haverland-tt4plus-weiss-600w\/"},"modified":"2023-09-30T21:27:46","modified_gmt":"2023-09-30T19:27:46","slug":"heizkoerper-haverland-tt4plus-weiss-600w","status":"publish","type":"product","link":"https:\/\/klima-theke.com\/?product=heizkoerper-haverland-tt4plus-weiss-600w","title":{"rendered":"Heizk\u00f6rper Haverland TT4PLUS Wei\u00df 600W"},"content":{"rendered":"<ul>\n<li>Leistung: 600 W<\/li>\n<li>Stromquelle: Stromnetz<\/li>\n<li>Art: Wand<\/li>\n<li>Farbe: Wei\u00df<\/li>\n<li>Spannung: 230 V<\/li>\n<li>Ma\u00dfe ca.: 48,4 x 57,2 x 10 cm<\/li>\n<\/ul>\n<p>Wenn Sie Haushaltsger\u00e4te zum besten Gro\u00dfhandelspreis suchen, dann verpassen Sie nicht Ihre Chance auf <b>Heizk\u00f6rper Haverland TT4PLUS Wei\u00df 600W<\/b> sowie ein breites Sortiment an kleinen Haushaltsger\u00e4ten!<\/p>\n","protected":false},"excerpt":{"rendered":"<p>Leistung: 600 W Stromquelle: Stromnetz Art: Wand Farbe: Wei\u00df Spannung: 230 V Ma\u00dfe ca.: 48,4 x 57,2 x 10 cm Wenn Sie Haushaltsger\u00e4te zum besten Gro\u00dfhandelspreis suchen, dann verpassen Sie nicht Ihre Chance auf Heizk\u00f6rper Haverland TT4PLUS Wei\u00df 600W sowie ein breites Sortiment an kleinen Haushaltsger\u00e4ten!<\/p>\n","protected":false},"featured_media":90758,"template":"","meta":[],"product_cat":[38],"product_tag":[],"class_list":{"0":"post-3304","1":"product","2":"type-product","3":"status-publish","4":"has-post-thumbnail","6":"product_cat-heizungen-zubehoer","8":"first","9":"outofstock","10":"taxable","11":"shipping-taxable","12":"purchasable","13":"product-type-simple"},"_links":{"self":[{"href":"https:\/\/klima-theke.com\/index.php?rest_route=\/wp\/v2\/product\/3304","targetHints":{"allow":["GET"]}}],"collection":[{"href":"https:\/\/klima-theke.com\/index.php?rest_route=\/wp\/v2\/product"}],"about":[{"href":"https:\/\/klima-theke.com\/index.php?rest_route=\/wp\/v2\/types\/product"}],"wp:featuredmedia":[{"embeddable":true,"href":"https:\/\/klima-theke.com\/index.php?rest_route=\/wp\/v2\/media\/90758"}],"wp:attachment":[{"href":"https:\/\/klima-theke.com\/index.php?rest_route=%2Fwp%2Fv2%2Fmedia&parent=3304"}],"wp:term":[{"taxonomy":"product_cat","embeddable":true,"href":"https:\/\/klima-theke.com\/index.php?rest_route=%2Fwp%2Fv2%2Fproduct_cat&post=3304"},{"taxonomy":"product_tag","embeddable":true,"href":"https:\/\/klima-theke.com\/index.php?rest_route=%2Fwp%2Fv2%2Fproduct_tag&post=3304"}],"curies":[{"name":"wp","href":"https:\/\/api.w.org\/{rel}","templated":true}]}}