{"id":3287,"date":"2023-07-19T11:36:52","date_gmt":"2023-07-19T09:36:52","guid":{"rendered":"https:\/\/klima-theke.com\/produkt\/deckenventilator-cecotec-energysilence-aero-5290-stone-pro-35-w\/"},"modified":"2023-10-26T12:16:56","modified_gmt":"2023-10-26T10:16:56","slug":"deckenventilator-cecotec-energysilence-aero-5290-stone-pro-35-w","status":"publish","type":"product","link":"https:\/\/klima-theke.com\/?product=deckenventilator-cecotec-energysilence-aero-5290-stone-pro-35-w","title":{"rendered":"Deckenventilator Cecotec EnergySilence Aero 5290 &#8222;Stone Pro&#8220;"},"content":{"rendered":"<p>Wenn Sie Haushaltsger\u00e4te zum besten Gro\u00dfhandelspreis suchen, dann verpassen Sie nicht Ihre Chance auf <b>Deckenventilator Cecotec EnergySilence Aero 5290 Stone Pro 35 W<\/b> sowie ein breites Sortiment an kleinen Haushaltsger\u00e4ten!<\/p>\n<ul>\n<li>Merkmale:\n<ul>\n<li>Zeitschaltuhr<\/li>\n<li>Umkehrfunktion<\/li>\n<\/ul>\n<\/li>\n<li>Leistung: 35 W<\/li>\n<li>Durchmesser: \u00d8 132 cm<\/li>\n<li>Geschwindigkeit: 5 Ebenen<\/li>\n<li>Steuerung: Fernbedienung<\/li>\n<li>Enthalten: LED-Lampe<\/li>\n<li>Nicht enthalten: Gl\u00fchbirne<\/li>\n<li>Stromquelle: Stromnetz<\/li>\n<\/ul>\n","protected":false},"excerpt":{"rendered":"<p>Wenn Sie Haushaltsger\u00e4te zum besten Gro\u00dfhandelspreis suchen, dann verpassen Sie nicht Ihre Chance auf Deckenventilator Cecotec EnergySilence Aero 5290 Stone Pro 35 W sowie ein breites Sortiment an kleinen Haushaltsger\u00e4ten! Merkmale: Zeitschaltuhr Umkehrfunktion Leistung: 35 W Durchmesser: \u00d8 132 cm Geschwindigkeit: 5 Ebenen Steuerung: Fernbedienung Enthalten: LED-Lampe Nicht enthalten: Gl\u00fchbirne Stromquelle: Stromnetz<\/p>\n","protected":false},"featured_media":121985,"template":"","meta":[],"product_cat":[36],"product_tag":[],"class_list":{"0":"post-3287","1":"product","2":"type-product","3":"status-publish","4":"has-post-thumbnail","6":"product_cat-deckenventilatoren","8":"first","9":"instock","10":"taxable","11":"shipping-taxable","12":"purchasable","13":"product-type-simple"},"_links":{"self":[{"href":"https:\/\/klima-theke.com\/index.php?rest_route=\/wp\/v2\/product\/3287","targetHints":{"allow":["GET"]}}],"collection":[{"href":"https:\/\/klima-theke.com\/index.php?rest_route=\/wp\/v2\/product"}],"about":[{"href":"https:\/\/klima-theke.com\/index.php?rest_route=\/wp\/v2\/types\/product"}],"wp:featuredmedia":[{"embeddable":true,"href":"https:\/\/klima-theke.com\/index.php?rest_route=\/wp\/v2\/media\/121985"}],"wp:attachment":[{"href":"https:\/\/klima-theke.com\/index.php?rest_route=%2Fwp%2Fv2%2Fmedia&parent=3287"}],"wp:term":[{"taxonomy":"product_cat","embeddable":true,"href":"https:\/\/klima-theke.com\/index.php?rest_route=%2Fwp%2Fv2%2Fproduct_cat&post=3287"},{"taxonomy":"product_tag","embeddable":true,"href":"https:\/\/klima-theke.com\/index.php?rest_route=%2Fwp%2Fv2%2Fproduct_tag&post=3287"}],"curies":[{"name":"wp","href":"https:\/\/api.w.org\/{rel}","templated":true}]}}