{"id":3277,"date":"2023-07-19T09:36:43","date_gmt":"2023-07-19T09:36:43","guid":{"rendered":"https:\/\/klima-theke.com\/produkt\/tristar-standventilator-ve-5952-30w-25cm-silbern\/"},"modified":"2023-10-14T04:16:09","modified_gmt":"2023-10-14T02:16:09","slug":"tristar-standventilator-ve-5952-30w-25cm-silbern","status":"publish","type":"product","link":"https:\/\/klima-theke.com\/?product=tristar-standventilator-ve-5952-30w-25cm-silbern","title":{"rendered":"Tristar Standventilator VE-5952 30W 25cm Silbern"},"content":{"rendered":"<p>Dieser Tristar Standventilator VE-5952 sorgt f\u00fcr Abk\u00fchlung an hei\u00dfen Sommertagen. Durch sein einfaches, aber stilvolles Design ist er zudem eine h\u00fcbsche Erg\u00e4nzung f\u00fcr Ihre Einrichtung. Dieser h\u00f6henverstellbare Standl\u00fcfter sorgt mit seinem Ventilatorkopf-Durchmesser von 25 cm zuverl\u00e4ssig daf\u00fcr, dass k\u00fchle Luft im ganzen Raum zirkuliert. Mit 3 Geschwindigkeitsstufen stellen Sie selbst den gew\u00fcnschten K\u00fchleffekt ein. Mit einem Oszillationswinkel von 85\u00b0 verteilt dieser Standventilator die k\u00fchle Luft effektiv und breitfl\u00e4chig im Raum. Sein stabiler Standfu\u00df sorgt f\u00fcr sicheren Halt. Dank des bequemen Tragegriffs kann dieser Ventilator auch leicht transportiert werden.<\/p>\n<ul>\n<li>Farbe: Silber<\/li>\n<li>Material: Metall<\/li>\n<li>Ma\u00dfe: 29 x 25 x 85 cm (L x B x H)<\/li>\n<li>L\u00fcfterdurchmesser: 25 cm<\/li>\n<li>Spannung: 220-240 V<\/li>\n<li>Leistung: 30 W<\/li>\n<li>Einstellbare Leistungsstufen: 3<\/li>\n<li>Geschwindigkeit: 900-1100-1300 U\/min<\/li>\n<li>Luftstrom: 1464 m\u00b3\/h<\/li>\n<li>Ger\u00e4uschpegel: 52,2 dB<\/li>\n<li>Einstellbarer Winkel: 20\u00b0<\/li>\n<li>H\u00f6henverstellbar: 65 &#8211; 85 cm<\/li>\n<li>85\u00b0 Oszillation<\/li>\n<li>Mit \u00dcberhitzungsschutz<\/li>\n<li>Integrierter Tragegriff<\/li>\n<\/ul>\n","protected":false},"excerpt":{"rendered":"<p>Dieser Tristar Standventilator VE-5952 sorgt f\u00fcr Abk\u00fchlung an hei\u00dfen Sommertagen. Durch sein einfaches, aber stilvolles Design ist er zudem eine h\u00fcbsche Erg\u00e4nzung f\u00fcr Ihre Einrichtung. Dieser h\u00f6henverstellbare Standl\u00fcfter sorgt mit seinem Ventilatorkopf-Durchmesser von 25 cm zuverl\u00e4ssig daf\u00fcr, dass k\u00fchle Luft im ganzen Raum zirkuliert. Mit 3 Geschwindigkeitsstufen stellen Sie selbst den gew\u00fcnschten K\u00fchleffekt ein. Mit [&#8230;]\n","protected":false},"featured_media":110298,"template":"","meta":[],"product_cat":[34],"product_tag":[],"class_list":{"0":"post-3277","1":"product","2":"type-product","3":"status-publish","4":"has-post-thumbnail","6":"product_cat-tisch-standventilatoren","8":"first","9":"outofstock","10":"taxable","11":"shipping-taxable","12":"purchasable","13":"product-type-simple"},"_links":{"self":[{"href":"https:\/\/klima-theke.com\/index.php?rest_route=\/wp\/v2\/product\/3277","targetHints":{"allow":["GET"]}}],"collection":[{"href":"https:\/\/klima-theke.com\/index.php?rest_route=\/wp\/v2\/product"}],"about":[{"href":"https:\/\/klima-theke.com\/index.php?rest_route=\/wp\/v2\/types\/product"}],"wp:featuredmedia":[{"embeddable":true,"href":"https:\/\/klima-theke.com\/index.php?rest_route=\/wp\/v2\/media\/110298"}],"wp:attachment":[{"href":"https:\/\/klima-theke.com\/index.php?rest_route=%2Fwp%2Fv2%2Fmedia&parent=3277"}],"wp:term":[{"taxonomy":"product_cat","embeddable":true,"href":"https:\/\/klima-theke.com\/index.php?rest_route=%2Fwp%2Fv2%2Fproduct_cat&post=3277"},{"taxonomy":"product_tag","embeddable":true,"href":"https:\/\/klima-theke.com\/index.php?rest_route=%2Fwp%2Fv2%2Fproduct_tag&post=3277"}],"curies":[{"name":"wp","href":"https:\/\/api.w.org\/{rel}","templated":true}]}}