{"id":3243,"date":"2023-07-19T11:36:19","date_gmt":"2023-07-19T09:36:19","guid":{"rendered":"https:\/\/klima-theke.com\/produkt\/lueftungsabweiser-mirtak-emaillierter-edelstahl-scheiben-o-110-mm-weiss\/"},"modified":"2023-10-25T10:32:12","modified_gmt":"2023-10-25T08:32:12","slug":"lueftungsabweiser-mirtak-emaillierter-edelstahl-scheiben-o-110-mm-weiss","status":"publish","type":"product","link":"https:\/\/klima-theke.com\/?product=lueftungsabweiser-mirtak-emaillierter-edelstahl-scheiben-o-110-mm-weiss","title":{"rendered":"L\u00fcftungsabweiser Mirtak Emaillierter Edelstahl Scheiben \u00d8 110 mm Wei\u00df"},"content":{"rendered":"<p>Wenn Sie bei der Einrichtung ihres Heims Wert auf Details legen und bei Produkten, die Ihnen das Leben leichter machen, auf dem letzten Stand sein m\u00f6chten, dann kaufen Sie <b>L\u00fcftungsabweiser Mirtak Emaillierter Edelstahl Scheiben \u00d8 110 mm Wei\u00df Bunt<\/b> zum besten Preis.<\/p>\n<ul>\n<li>Art:\n<ul>\n<li>Scheiben<\/li>\n<li>Deflektor<\/li>\n<li>Deflector de ventilaci\u00f3n<\/li>\n<\/ul>\n<\/li>\n<li>Farbe: Wei\u00df<\/li>\n<li>Durchmesser: \u00d8 110 mm<\/li>\n<li>Material: Emaillierter Edelstahl<\/li>\n<\/ul>\n","protected":false},"excerpt":{"rendered":"<p>Wenn Sie bei der Einrichtung ihres Heims Wert auf Details legen und bei Produkten, die Ihnen das Leben leichter machen, auf dem letzten Stand sein m\u00f6chten, dann kaufen Sie L\u00fcftungsabweiser Mirtak Emaillierter Edelstahl Scheiben \u00d8 110 mm Wei\u00df Bunt zum besten Preis. Art: Scheiben Deflektor Deflector de ventilaci\u00f3n Farbe: Wei\u00df Durchmesser: \u00d8 110 mm Material: [&#8230;]\n","protected":false},"featured_media":120368,"template":"","meta":[],"product_cat":[34],"product_tag":[],"class_list":{"0":"post-3243","1":"product","2":"type-product","3":"status-publish","4":"has-post-thumbnail","6":"product_cat-tisch-standventilatoren","8":"first","9":"instock","10":"taxable","11":"shipping-taxable","12":"purchasable","13":"product-type-simple"},"_links":{"self":[{"href":"https:\/\/klima-theke.com\/index.php?rest_route=\/wp\/v2\/product\/3243","targetHints":{"allow":["GET"]}}],"collection":[{"href":"https:\/\/klima-theke.com\/index.php?rest_route=\/wp\/v2\/product"}],"about":[{"href":"https:\/\/klima-theke.com\/index.php?rest_route=\/wp\/v2\/types\/product"}],"wp:featuredmedia":[{"embeddable":true,"href":"https:\/\/klima-theke.com\/index.php?rest_route=\/wp\/v2\/media\/120368"}],"wp:attachment":[{"href":"https:\/\/klima-theke.com\/index.php?rest_route=%2Fwp%2Fv2%2Fmedia&parent=3243"}],"wp:term":[{"taxonomy":"product_cat","embeddable":true,"href":"https:\/\/klima-theke.com\/index.php?rest_route=%2Fwp%2Fv2%2Fproduct_cat&post=3243"},{"taxonomy":"product_tag","embeddable":true,"href":"https:\/\/klima-theke.com\/index.php?rest_route=%2Fwp%2Fv2%2Fproduct_tag&post=3243"}],"curies":[{"name":"wp","href":"https:\/\/api.w.org\/{rel}","templated":true}]}}