{"id":3230,"date":"2023-07-19T11:36:10","date_gmt":"2023-07-19T09:36:10","guid":{"rendered":"https:\/\/klima-theke.com\/produkt\/hi-kaminwerkzeug-set-5-tlg-silbern-23x15x52-cm\/"},"modified":"2023-10-26T16:20:23","modified_gmt":"2023-10-26T14:20:23","slug":"hi-kaminwerkzeug-set-5-tlg-silbern-23x15x52-cm","status":"publish","type":"product","link":"https:\/\/klima-theke.com\/?product=hi-kaminwerkzeug-set-5-tlg-silbern-23x15x52-cm","title":{"rendered":"HI Kaminwerkzeug-Set 5-tlg. Silbern 23x15x52 cm"},"content":{"rendered":"<p>Dieses Kaminwerkzeug-Set von HI ist praktisch und dekorativ neben Ihrem Kamin. Das Kaminset ist mit seinem einzigartigen Design ein Schmuckst\u00fcck in Ihrem Wohnzimmer. Mit diesen praktischen Werkzeugen k\u00f6nnen Sie das Feuer anz\u00fcnden und unterhalten. Sie k\u00f6nnen mit diesem Kaminbesteck den Ofen oder Kamin auch sauber machen. Dieses Kaminwerkzeug-Set enth\u00e4lt einen Halter, eine B\u00fcrste, eine Schaufel, einen Sch\u00fcrhaken und eine Zange.<\/p>\n<ul>\n<li>Farbe: Silber<\/li>\n<li>Material: Edelstahl<\/li>\n<li>Abmessungen: 23 x 15 x 52 cm (L x B x H)<\/li>\n<li><strong>Lieferung enth\u00e4lt:<\/strong><\/li>\n<li>1 x Halter<\/li>\n<li>1 x B\u00fcrste<\/li>\n<li>1 x Schaufel<\/li>\n<li>1 x Sch\u00fcrhaken<\/li>\n<li>1 x Zange<\/li>\n<\/ul>\n","protected":false},"excerpt":{"rendered":"<p>30 Tage R\u00fcckgaberecht<\/p>\n","protected":false},"featured_media":122314,"template":"","meta":[],"product_cat":[47],"product_tag":[],"class_list":{"0":"post-3230","1":"product","2":"type-product","3":"status-publish","4":"has-post-thumbnail","6":"product_cat-kaminzubehoer","8":"first","9":"instock","10":"taxable","11":"shipping-taxable","12":"purchasable","13":"product-type-simple"},"_links":{"self":[{"href":"https:\/\/klima-theke.com\/index.php?rest_route=\/wp\/v2\/product\/3230","targetHints":{"allow":["GET"]}}],"collection":[{"href":"https:\/\/klima-theke.com\/index.php?rest_route=\/wp\/v2\/product"}],"about":[{"href":"https:\/\/klima-theke.com\/index.php?rest_route=\/wp\/v2\/types\/product"}],"wp:featuredmedia":[{"embeddable":true,"href":"https:\/\/klima-theke.com\/index.php?rest_route=\/wp\/v2\/media\/122314"}],"wp:attachment":[{"href":"https:\/\/klima-theke.com\/index.php?rest_route=%2Fwp%2Fv2%2Fmedia&parent=3230"}],"wp:term":[{"taxonomy":"product_cat","embeddable":true,"href":"https:\/\/klima-theke.com\/index.php?rest_route=%2Fwp%2Fv2%2Fproduct_cat&post=3230"},{"taxonomy":"product_tag","embeddable":true,"href":"https:\/\/klima-theke.com\/index.php?rest_route=%2Fwp%2Fv2%2Fproduct_tag&post=3230"}],"curies":[{"name":"wp","href":"https:\/\/api.w.org\/{rel}","templated":true}]}}