{"id":3226,"date":"2023-07-19T11:36:04","date_gmt":"2023-07-19T09:36:04","guid":{"rendered":"https:\/\/klima-theke.com\/produkt\/digitaler-heizkoerper-cecotec-readywarm-2000-thermal-connected-1500-w\/"},"modified":"2023-10-30T13:11:25","modified_gmt":"2023-10-30T11:11:25","slug":"digitaler-heizkoerper-cecotec-readywarm-2000-thermal-connected-1500-w","status":"publish","type":"product","link":"https:\/\/klima-theke.com\/?product=digitaler-heizkoerper-cecotec-readywarm-2000-thermal-connected-1500-w","title":{"rendered":"Digitaler Heizk\u00f6rper Cecotec ReadyWarm 2000 Thermal Connected 1500 W"},"content":{"rendered":"<p>Wenn Sie Haushaltsger\u00e4te zum besten Gro\u00dfhandelspreis suchen, dann verpassen Sie nicht Ihre Chance auf <b>Digitaler Heizk\u00f6rper Cecotec ReadyWarm 2000 Thermal Connected 1500 W<\/b> sowie ein breites Sortiment an kleinen Haushaltsger\u00e4ten!<\/p>\n<ul>\n<li>Merkmale:\n<ul>\n<li>LED-Screen<\/li>\n<li>\u00dcberhitzungsschutz<\/li>\n<\/ul>\n<\/li>\n<li>Leistung: 1500 W<\/li>\n<li>Reichweite: 20 m2<\/li>\n<li>Thermostat: Einstellbar<\/li>\n<\/ul>\n","protected":false},"excerpt":{"rendered":"<p>Wenn Sie Haushaltsger\u00e4te zum besten Gro\u00dfhandelspreis suchen, dann verpassen Sie nicht Ihre Chance auf Digitaler Heizk\u00f6rper Cecotec ReadyWarm 2000 Thermal Connected 1500 W sowie ein breites Sortiment an kleinen Haushaltsger\u00e4ten! Merkmale: LED-Screen \u00dcberhitzungsschutz Leistung: 1500 W Reichweite: 20 m2 Thermostat: Einstellbar<\/p>\n","protected":false},"featured_media":125214,"template":"","meta":[],"product_cat":[114],"product_tag":[],"class_list":{"0":"post-3226","1":"product","2":"type-product","3":"status-publish","4":"has-post-thumbnail","6":"product_cat-digitale-heizkoerper","8":"first","9":"instock","10":"taxable","11":"shipping-taxable","12":"purchasable","13":"product-type-simple"},"_links":{"self":[{"href":"https:\/\/klima-theke.com\/index.php?rest_route=\/wp\/v2\/product\/3226","targetHints":{"allow":["GET"]}}],"collection":[{"href":"https:\/\/klima-theke.com\/index.php?rest_route=\/wp\/v2\/product"}],"about":[{"href":"https:\/\/klima-theke.com\/index.php?rest_route=\/wp\/v2\/types\/product"}],"wp:featuredmedia":[{"embeddable":true,"href":"https:\/\/klima-theke.com\/index.php?rest_route=\/wp\/v2\/media\/125214"}],"wp:attachment":[{"href":"https:\/\/klima-theke.com\/index.php?rest_route=%2Fwp%2Fv2%2Fmedia&parent=3226"}],"wp:term":[{"taxonomy":"product_cat","embeddable":true,"href":"https:\/\/klima-theke.com\/index.php?rest_route=%2Fwp%2Fv2%2Fproduct_cat&post=3226"},{"taxonomy":"product_tag","embeddable":true,"href":"https:\/\/klima-theke.com\/index.php?rest_route=%2Fwp%2Fv2%2Fproduct_tag&post=3226"}],"curies":[{"name":"wp","href":"https:\/\/api.w.org\/{rel}","templated":true}]}}