{"id":3192,"date":"2023-07-19T09:35:40","date_gmt":"2023-07-19T09:35:40","guid":{"rendered":"https:\/\/klima-theke.com\/produkt\/ventilator-edm-klemme-weiss-15-w-o-15-cm\/"},"modified":"2023-10-16T20:32:46","modified_gmt":"2023-10-16T18:32:46","slug":"ventilator-edm-klemme-weiss-15-w-o-15-cm","status":"publish","type":"product","link":"https:\/\/klima-theke.com\/?product=ventilator-edm-klemme-weiss-15-w-o-15-cm","title":{"rendered":"Ventilator EDM Klemme Wei\u00df 15 W \u00d8 15 cm"},"content":{"rendered":"<p>Wenn Sie Haushaltsger\u00e4te zum besten Gro\u00dfhandelspreis suchen, dann verpassen Sie nicht Ihre Chance auf <b>Ventilator EDM Klemme Wei\u00df 15 W \u00d8 15 cm<\/b> sowie ein breites Sortiment an kleinen Haushaltsger\u00e4ten!<\/p>\n<ul>\n<li>Farbe: Wei\u00df<\/li>\n<li>Merkmale: Einstellbar<\/li>\n<li>Leistung: 15 W<\/li>\n<li>gro\u00df: 28 cm<\/li>\n<li>Durchmesser: \u00d8 15 cm<\/li>\n<li>Klinge: 3<\/li>\n<li>Ger\u00e4uschpegel: 43 dB<\/li>\n<li>Spannung: 220-240 V 50 Hz<\/li>\n<li>Geschwindigkeiten: 2 Geschwindigkeitsstufen<\/li>\n<li>Luftstrom: 574,8 m\u00b3\/h<\/li>\n<li>Steckertyp: EU-Stecker<\/li>\n<li>Steckbares Produkt: Ja<\/li>\n<li>Festiger: Klemme<\/li>\n<\/ul>\n","protected":false},"excerpt":{"rendered":"<p>Wenn Sie Haushaltsger\u00e4te zum besten Gro\u00dfhandelspreis suchen, dann verpassen Sie nicht Ihre Chance auf Ventilator EDM Klemme Wei\u00df 15 W \u00d8 15 cm sowie ein breites Sortiment an kleinen Haushaltsger\u00e4ten! Farbe: Wei\u00df Merkmale: Einstellbar Leistung: 15 W gro\u00df: 28 cm Durchmesser: \u00d8 15 cm Klinge: 3 Ger\u00e4uschpegel: 43 dB Spannung: 220-240 V 50 Hz Geschwindigkeiten: [&#8230;]\n","protected":false},"featured_media":112526,"template":"","meta":[],"product_cat":[34],"product_tag":[],"class_list":{"0":"post-3192","1":"product","2":"type-product","3":"status-publish","4":"has-post-thumbnail","6":"product_cat-tisch-standventilatoren","8":"first","9":"outofstock","10":"taxable","11":"shipping-taxable","12":"purchasable","13":"product-type-simple"},"_links":{"self":[{"href":"https:\/\/klima-theke.com\/index.php?rest_route=\/wp\/v2\/product\/3192","targetHints":{"allow":["GET"]}}],"collection":[{"href":"https:\/\/klima-theke.com\/index.php?rest_route=\/wp\/v2\/product"}],"about":[{"href":"https:\/\/klima-theke.com\/index.php?rest_route=\/wp\/v2\/types\/product"}],"wp:featuredmedia":[{"embeddable":true,"href":"https:\/\/klima-theke.com\/index.php?rest_route=\/wp\/v2\/media\/112526"}],"wp:attachment":[{"href":"https:\/\/klima-theke.com\/index.php?rest_route=%2Fwp%2Fv2%2Fmedia&parent=3192"}],"wp:term":[{"taxonomy":"product_cat","embeddable":true,"href":"https:\/\/klima-theke.com\/index.php?rest_route=%2Fwp%2Fv2%2Fproduct_cat&post=3192"},{"taxonomy":"product_tag","embeddable":true,"href":"https:\/\/klima-theke.com\/index.php?rest_route=%2Fwp%2Fv2%2Fproduct_tag&post=3192"}],"curies":[{"name":"wp","href":"https:\/\/api.w.org\/{rel}","templated":true}]}}