{"id":3136,"date":"2023-07-19T11:34:53","date_gmt":"2023-07-19T09:34:53","guid":{"rendered":"https:\/\/klima-theke.com\/produkt\/bodenventilator-orbegozo-bf-1030-45w-o-30-cm-weiss-grau\/"},"modified":"2023-10-16T20:06:08","modified_gmt":"2023-10-16T18:06:08","slug":"bodenventilator-orbegozo-bf-1030-45w-o-30-cm-weiss-grau","status":"publish","type":"product","link":"https:\/\/klima-theke.com\/?product=bodenventilator-orbegozo-bf-1030-45w-o-30-cm-weiss-grau","title":{"rendered":"Bodenventilator Orbegozo BF-1030 45W (\u00d8 30 cm) Wei\u00df\/Grau"},"content":{"rendered":"<p>Wenn Sie Haushaltsger\u00e4te zum besten Gro\u00dfhandelspreis suchen, dann verpassen Sie nicht Ihre Chance auf <b>Bodenventilator Orbegozo BF-1030 45W (\u00d8 30 cm) Wei\u00df\/Grau<\/b> sowie ein breites Sortiment an kleinen Haushaltsger\u00e4ten!<\/p>\n<ul>\n<li>Farbe: Wei\u00df<\/li>\n<li>Art: Freistehender Ventilator<\/li>\n<li>Stromquelle:\n<ul>\n<li>Wechselstrom<\/li>\n<li>Stromnetz<\/li>\n<\/ul>\n<\/li>\n<li>Control Typ: Kn\u00f6pfe, drehbar<\/li>\n<li>Geschwindigkeiten:\n<ul>\n<li>3<\/li>\n<li>3 Geschwindigkeitsstufen<\/li>\n<\/ul>\n<\/li>\n<li>Leistung: 45 W<\/li>\n<li>Klinge: 5<\/li>\n<li>Durchmesser: \u00d8 30 cm<\/li>\n<li>Geschwindigkeit: Einstellbar<\/li>\n<li>Zeitschaltuhr: 2 Stunden<\/li>\n<li>Merkmale: Henkel<\/li>\n<li>Spannung: 230 V<\/li>\n<li>Steckbares Produkt: Ja<\/li>\n<li>Steckertyp: EU-Stecker<\/li>\n<\/ul>\n","protected":false},"excerpt":{"rendered":"<p>Wenn Sie Haushaltsger\u00e4te zum besten Gro\u00dfhandelspreis suchen, dann verpassen Sie nicht Ihre Chance auf Bodenventilator Orbegozo BF-1030 45W (\u00d8 30 cm) Wei\u00df\/Grau sowie ein breites Sortiment an kleinen Haushaltsger\u00e4ten! Farbe: Wei\u00df Art: Freistehender Ventilator Stromquelle: Wechselstrom Stromnetz Control Typ: Kn\u00f6pfe, drehbar Geschwindigkeiten: 3 3 Geschwindigkeitsstufen Leistung: 45 W Klinge: 5 Durchmesser: \u00d8 30 cm Geschwindigkeit: [&#8230;]\n","protected":false},"featured_media":112397,"template":"","meta":[],"product_cat":[34],"product_tag":[],"class_list":{"0":"post-3136","1":"product","2":"type-product","3":"status-publish","4":"has-post-thumbnail","6":"product_cat-tisch-standventilatoren","8":"first","9":"outofstock","10":"taxable","11":"shipping-taxable","12":"purchasable","13":"product-type-simple"},"_links":{"self":[{"href":"https:\/\/klima-theke.com\/index.php?rest_route=\/wp\/v2\/product\/3136","targetHints":{"allow":["GET"]}}],"collection":[{"href":"https:\/\/klima-theke.com\/index.php?rest_route=\/wp\/v2\/product"}],"about":[{"href":"https:\/\/klima-theke.com\/index.php?rest_route=\/wp\/v2\/types\/product"}],"wp:featuredmedia":[{"embeddable":true,"href":"https:\/\/klima-theke.com\/index.php?rest_route=\/wp\/v2\/media\/112397"}],"wp:attachment":[{"href":"https:\/\/klima-theke.com\/index.php?rest_route=%2Fwp%2Fv2%2Fmedia&parent=3136"}],"wp:term":[{"taxonomy":"product_cat","embeddable":true,"href":"https:\/\/klima-theke.com\/index.php?rest_route=%2Fwp%2Fv2%2Fproduct_cat&post=3136"},{"taxonomy":"product_tag","embeddable":true,"href":"https:\/\/klima-theke.com\/index.php?rest_route=%2Fwp%2Fv2%2Fproduct_tag&post=3136"}],"curies":[{"name":"wp","href":"https:\/\/api.w.org\/{rel}","templated":true}]}}