{"id":3077,"date":"2023-07-19T11:34:01","date_gmt":"2023-07-19T09:34:01","guid":{"rendered":"https:\/\/klima-theke.com\/produkt\/medisana-luftbefeuchter-ah-660-weiss\/"},"modified":"2023-10-10T09:58:14","modified_gmt":"2023-10-10T07:58:14","slug":"medisana-luftbefeuchter-ah-660-weiss","status":"publish","type":"product","link":"https:\/\/klima-theke.com\/?product=medisana-luftbefeuchter-ah-660-weiss","title":{"rendered":"Medisana Luftbefeuchter AH 660 Wei\u00df"},"content":{"rendered":"<p>Der Medisana Luftbefeuchter ist eine ideale Wahl daf\u00fcr, Luftfeuchtigkeit zu erh\u00f6hen, Ihre Haut weich und mit Feuchtigkeit zu versorgen sowie Staub und Bakterien zu reduzieren. Der ger\u00e4uscharme und Energie sparende Luftbefeuchter arbeiten mit hoher Effizienz durch Mikro-fine Zerst\u00e4uber. Die Maschine ist geeignet f\u00fcr Zimmer von bis zu 30 m\u00b2 und sie wird automatisch ausschalten, wenn der Tank leer ist. Der Befeuchter ist mit einem Wasserfilter 60069 ausgestattet, der die Reinigung und Demineralisierung von Wasser unterst\u00fctzt.<\/p>\n<ul>\n<li>Farbe: Wei\u00df<\/li>\n<li>Abmessung: 25 x 36 x 17,5 cm<\/li>\n<li>Leistungsaufnahme: 220 &#8211; 240 V, 50 \/ 60Hz<\/li>\n<li>Ausgang: Ca. 30 W<\/li>\n<li>Wassertankkapazit\u00e4t: 4,5 L <\/li>\n<li>Maximale Zerst\u00e4uberkapazit\u00e4t: 300 ml \/ h<\/li>\n<li>Ein Wasserfilter ist im Lieferumfang enthalten<\/li>\n<\/ul>\n","protected":false},"excerpt":{"rendered":"<p>Der Medisana Luftbefeuchter ist eine ideale Wahl daf\u00fcr, Luftfeuchtigkeit zu erh\u00f6hen, Ihre Haut weich und mit Feuchtigkeit zu versorgen sowie Staub und Bakterien zu reduzieren. Der ger\u00e4uscharme und Energie sparende Luftbefeuchter arbeiten mit hoher Effizienz durch Mikro-fine Zerst\u00e4uber. Die Maschine ist geeignet f\u00fcr Zimmer von bis zu 30 m\u00b2 und sie wird automatisch ausschalten, wenn [&#8230;]\n","protected":false},"featured_media":103465,"template":"","meta":[],"product_cat":[35],"product_tag":[],"class_list":{"0":"post-3077","1":"product","2":"type-product","3":"status-publish","4":"has-post-thumbnail","6":"product_cat-luftbefeuchter-diffusor","8":"first","9":"instock","10":"taxable","11":"shipping-taxable","12":"purchasable","13":"product-type-simple"},"_links":{"self":[{"href":"https:\/\/klima-theke.com\/index.php?rest_route=\/wp\/v2\/product\/3077","targetHints":{"allow":["GET"]}}],"collection":[{"href":"https:\/\/klima-theke.com\/index.php?rest_route=\/wp\/v2\/product"}],"about":[{"href":"https:\/\/klima-theke.com\/index.php?rest_route=\/wp\/v2\/types\/product"}],"wp:featuredmedia":[{"embeddable":true,"href":"https:\/\/klima-theke.com\/index.php?rest_route=\/wp\/v2\/media\/103465"}],"wp:attachment":[{"href":"https:\/\/klima-theke.com\/index.php?rest_route=%2Fwp%2Fv2%2Fmedia&parent=3077"}],"wp:term":[{"taxonomy":"product_cat","embeddable":true,"href":"https:\/\/klima-theke.com\/index.php?rest_route=%2Fwp%2Fv2%2Fproduct_cat&post=3077"},{"taxonomy":"product_tag","embeddable":true,"href":"https:\/\/klima-theke.com\/index.php?rest_route=%2Fwp%2Fv2%2Fproduct_tag&post=3077"}],"curies":[{"name":"wp","href":"https:\/\/api.w.org\/{rel}","templated":true}]}}