{"id":3036,"date":"2023-07-19T11:32:51","date_gmt":"2023-07-19T09:32:51","guid":{"rendered":"https:\/\/klima-theke.com\/produkt\/zeitschaltthermostat-fuer-klimaanlagen-nimo\/"},"modified":"2023-10-27T09:28:16","modified_gmt":"2023-10-27T07:28:16","slug":"zeitschaltthermostat-fuer-klimaanlagen-nimo","status":"publish","type":"product","link":"https:\/\/klima-theke.com\/?product=zeitschaltthermostat-fuer-klimaanlagen-nimo","title":{"rendered":"Zeitschaltthermostat f\u00fcr Klimaanlagen NIMO"},"content":{"rendered":"<div class=\"flex-1 overflow-hidden\">\n<div class=\"react-scroll-to-bottom--css-kwsax-79elbk h-full dark:bg-gray-800\">\n<div class=\"react-scroll-to-bottom--css-kwsax-1n7m0yu\">\n<div class=\"flex flex-col text-sm dark:bg-gray-800\">\n<div class=\"group w-full text-token-text-primary border-b border-black\/10 dark:border-gray-900\/50 bg-gray-50 dark:bg-[#444654]\">\n<div class=\"flex p-4 gap-4 text-base md:gap-6 md:max-w-2xl lg:max-w-[38rem] xl:max-w-3xl md:py-6 lg:px-0 m-auto\">\n<div class=\"relative flex w-[calc(100%-50px)] flex-col gap-1 md:gap-3 lg:w-[calc(100%-115px)]\">\n<div class=\"flex flex-grow flex-col gap-3\">\n<div class=\"min-h-[20px] flex flex-col items-start gap-3 overflow-x-auto whitespace-pre-wrap break-words\">\n<div class=\"markdown prose w-full break-words dark:prose-invert light\">\n<p>Machen Sie Ihre Klimaregelung smarter mit dem NIMO Zeitschaltthermostat! Dieses hochwertige Ger\u00e4t ist die perfekte L\u00f6sung f\u00fcr alle, die nach einer zuverl\u00e4ssigen und effizienten Steuerung f\u00fcr ihre Klimaanlage suchen. Sein universelles Design macht ihn kompatibel mit den meisten Klimaanlagen-Modellen, w\u00e4hrend sein hintergrundbeleuchtetes Display f\u00fcr optimale Ablesbarkeit sorgt \u2013 Tag und Nacht.<\/p>\n<p>Hauptmerkmale:<\/p>\n<ul>\n<li>\n<p><strong>Universalit\u00e4t<\/strong>: Dank seiner universellen Kompatibilit\u00e4t l\u00e4sst sich der NIMO Zeitschaltthermostat m\u00fchelos mit einer Vielzahl von Klimaanlagenmodellen verbinden.<\/p>\n<\/li>\n<li>\n<p><strong>Hintergrundbeleuchtetes Display<\/strong>: Auch bei Dunkelheit problemlos ablesbar. Mit seinem klaren und hellen Display wird die Einstellung und Kontrolle Ihrer Klimaanlage zum Kinderspiel.<\/p>\n<\/li>\n<li>\n<p><strong>Gleitende Regelung<\/strong>: Passt die Raumtemperatur sanft und kontinuierlich an, f\u00fcr maximalen Komfort und Energieeffizienz.<\/p>\n<\/li>\n<\/ul>\n<p>Ob Sie Ihr Zuhause auf eine bestimmte Temperatur vorheizen oder w\u00e4hrend Ihrer Abwesenheit Energie sparen m\u00f6chten, der NIMO Zeitschaltthermostat bietet Ihnen volle Kontrolle und Effizienz. Erweitern Sie Ihr Sortiment an Haushaltsger\u00e4ten um dieses unverzichtbare Tool und genie\u00dfen Sie ein angenehmeres Raumklima bei optimalem Energieverbrauch.<\/p>\n<\/div>\n<\/div>\n<\/div>\n<\/div>\n<\/div>\n<\/div>\n<div class=\"h-32 md:h-48 flex-shrink-0\">&nbsp;<\/div>\n<\/div>\n<\/div>\n<\/div>\n<\/div>\n<div class=\"absolute bottom-0 left-0 w-full border-t md:border-t-0 dark:border-white\/20 md:border-transparent md:dark:border-transparent md:bg-vert-light-gradient bg-white dark:bg-gray-800 md:!bg-transparent dark:md:bg-vert-dark-gradient pt-2 md:pl-2 md:w-[calc(100%-.5rem)]\">\n<div class=\"relative flex h-full flex-1 items-stretch md:flex-col\" role=\"presentation\">\n<div>\n<div class=\"h-full flex ml-1 md:w-full md:m-auto md:mb-4 gap-0 md:gap-2 justify-center\">\n<div class=\"grow\">&nbsp;<\/div>\n<div class=\"flex items-center md:items-end\">\n<div data-projection-id=\"80\">&nbsp;<\/div>\n<\/div>\n<\/div>\n<\/div>\n<\/div>\n<\/div>\n","protected":false},"excerpt":{"rendered":"<p>Der NIMO Zeitschaltthermostat steuert Klimaanlagen effizient. Universell einsetzbar, mit hintergrundbeleuchtetem Display f\u00fcr bequeme Regelung<\/p>\n","protected":false},"featured_media":122839,"template":"","meta":[],"product_cat":[41],"product_tag":[],"class_list":{"0":"post-3036","1":"product","2":"type-product","3":"status-publish","4":"has-post-thumbnail","6":"product_cat-klimaanlagen-zubehoer","8":"first","9":"instock","10":"taxable","11":"shipping-taxable","12":"purchasable","13":"product-type-simple"},"_links":{"self":[{"href":"https:\/\/klima-theke.com\/index.php?rest_route=\/wp\/v2\/product\/3036","targetHints":{"allow":["GET"]}}],"collection":[{"href":"https:\/\/klima-theke.com\/index.php?rest_route=\/wp\/v2\/product"}],"about":[{"href":"https:\/\/klima-theke.com\/index.php?rest_route=\/wp\/v2\/types\/product"}],"wp:featuredmedia":[{"embeddable":true,"href":"https:\/\/klima-theke.com\/index.php?rest_route=\/wp\/v2\/media\/122839"}],"wp:attachment":[{"href":"https:\/\/klima-theke.com\/index.php?rest_route=%2Fwp%2Fv2%2Fmedia&parent=3036"}],"wp:term":[{"taxonomy":"product_cat","embeddable":true,"href":"https:\/\/klima-theke.com\/index.php?rest_route=%2Fwp%2Fv2%2Fproduct_cat&post=3036"},{"taxonomy":"product_tag","embeddable":true,"href":"https:\/\/klima-theke.com\/index.php?rest_route=%2Fwp%2Fv2%2Fproduct_tag&post=3036"}],"curies":[{"name":"wp","href":"https:\/\/api.w.org\/{rel}","templated":true}]}}