{"id":3032,"date":"2023-07-19T11:32:45","date_gmt":"2023-07-19T09:32:45","guid":{"rendered":"https:\/\/klima-theke.com\/produkt\/elektrischer-keramikheizer-cecotec-ready-warm-6200-ceramic-sky-2000w-weiss\/"},"modified":"2023-10-24T18:06:19","modified_gmt":"2023-10-24T16:06:19","slug":"elektrischer-keramikheizer-cecotec-ready-warm-6200-ceramic-sky-2000w-weiss","status":"publish","type":"product","link":"https:\/\/klima-theke.com\/?product=elektrischer-keramikheizer-cecotec-ready-warm-6200-ceramic-sky-2000w-weiss","title":{"rendered":"Elektrischer Keramikheizer Cecotec Ready Warm 6200 Ceramic Sky 2000W Wei\u00df"},"content":{"rendered":"<p>Wenn Sie Haushaltsger\u00e4te zum besten Gro\u00dfhandelspreis suchen, dann verpassen Sie nicht Ihre Chance auf <b>Elektrischer Keramikheizer Cecotec Ready Warm 6200 Ceramic Sky 2000W Wei\u00df<\/b> sowie ein breites Sortiment an kleinen Haushaltsger\u00e4ten!<\/p>\n<ul>\n<li>Farbe: Wei\u00df<\/li>\n<li>Leistung: 2000 W<\/li>\n<li>2 Ebenen:\n<ul>\n<li>1000 W<\/li>\n<li>2000 W<\/li>\n<\/ul>\n<\/li>\n<li>3 L\u00fcftungsstellungen:\n<ul>\n<li>Turbo- und Eco-Programme<\/li>\n<li>Cool<\/li>\n<\/ul>\n<\/li>\n<li>Reichweite: 20 m2<\/li>\n<li>\u00dcberhitzungsschutz<\/li>\n<li>Soundintensit\u00e4t: 30 dB<\/li>\n<\/ul>\n","protected":false},"excerpt":{"rendered":"<p>Wenn Sie Haushaltsger\u00e4te zum besten Gro\u00dfhandelspreis suchen, dann verpassen Sie nicht Ihre Chance auf Elektrischer Keramikheizer Cecotec Ready Warm 6200 Ceramic Sky 2000W Wei\u00df sowie ein breites Sortiment an kleinen Haushaltsger\u00e4ten! Farbe: Wei\u00df Leistung: 2000 W 2 Ebenen: 1000 W 2000 W 3 L\u00fcftungsstellungen: Turbo- und Eco-Programme Cool Reichweite: 20 m2 \u00dcberhitzungsschutz Soundintensit\u00e4t: 30 dB<\/p>\n","protected":false},"featured_media":120007,"template":"","meta":[],"product_cat":[118],"product_tag":[],"class_list":{"0":"post-3032","1":"product","2":"type-product","3":"status-publish","4":"has-post-thumbnail","6":"product_cat-keramik-heizung","8":"first","9":"instock","10":"taxable","11":"shipping-taxable","12":"purchasable","13":"product-type-simple"},"_links":{"self":[{"href":"https:\/\/klima-theke.com\/index.php?rest_route=\/wp\/v2\/product\/3032","targetHints":{"allow":["GET"]}}],"collection":[{"href":"https:\/\/klima-theke.com\/index.php?rest_route=\/wp\/v2\/product"}],"about":[{"href":"https:\/\/klima-theke.com\/index.php?rest_route=\/wp\/v2\/types\/product"}],"wp:featuredmedia":[{"embeddable":true,"href":"https:\/\/klima-theke.com\/index.php?rest_route=\/wp\/v2\/media\/120007"}],"wp:attachment":[{"href":"https:\/\/klima-theke.com\/index.php?rest_route=%2Fwp%2Fv2%2Fmedia&parent=3032"}],"wp:term":[{"taxonomy":"product_cat","embeddable":true,"href":"https:\/\/klima-theke.com\/index.php?rest_route=%2Fwp%2Fv2%2Fproduct_cat&post=3032"},{"taxonomy":"product_tag","embeddable":true,"href":"https:\/\/klima-theke.com\/index.php?rest_route=%2Fwp%2Fv2%2Fproduct_tag&post=3032"}],"curies":[{"name":"wp","href":"https:\/\/api.w.org\/{rel}","templated":true}]}}