{"id":3021,"date":"2023-07-19T11:32:34","date_gmt":"2023-07-19T09:32:34","guid":{"rendered":"https:\/\/klima-theke.com\/produkt\/tristar-luftkuehler-at-5468-45w-weiss\/"},"modified":"2023-10-18T09:19:30","modified_gmt":"2023-10-18T07:19:30","slug":"tristar-luftkuehler-at-5468-45w-weiss","status":"publish","type":"product","link":"https:\/\/klima-theke.com\/?product=tristar-luftkuehler-at-5468-45w-weiss","title":{"rendered":"Tristar Luftk\u00fchler AT-5468 45W Wei\u00df"},"content":{"rendered":"<p>Wenn Sie nach einer flexiblen, mobilen Luftk\u00fchlung f\u00fcr Ihre Familie suchen, dann ist dieses Klimager\u00e4t mit K\u00fchlfunktion AT-5468 von Tristar genau die richtige Wahl. Dieses energiesparende, fahrbare 45-W-Klimager\u00e4t wurde speziell f\u00fcr den Einsatz zu Hause entwickelt. Die Rollen und das kompakte Design erm\u00f6glichen einen unkomplizierten Ortswechsel des Ventilators, sodass er genau dort frische und k\u00fchle Luft liefert, wo Sie sie brauchen. Dank der verschiedenen Einstellm\u00f6glichkeiten k\u00f6nnen K\u00fchl- und L\u00fcftungsfunktion individuell an Ihre Bed\u00fcrfnisse angepasst werden &#8211; und daf\u00fcr m\u00fcssen Sie nicht einmal Ihren Platz verlassen, denn eine Fernbedienung ist mit dabei. F\u00fcr Frischluft-Komfort sorgen 4 verschiedene Timer-Einstellungen und die oszillierende Bewegung am Ger\u00e4t.<\/p>\n<ul>\n<li>Farbe: Wei\u00df<\/li>\n<li>Material: Kunststoff<\/li>\n<li>Abmessungen: 29 x 36 x 63 cm (B x T x H)<\/li>\n<li>Leistung: 45 W<\/li>\n<li>Stromversorgung: 220-240 V~, 50\/60 Hz<\/li>\n<li>Moduseinstellungen: Normal, nat\u00fcrlicher Schlaf<\/li>\n<li>Mit Oszillationsfunktion<\/li>\n<li>An-\/Aus-Schalter<\/li>\n<li>Integrierter Handgriff<\/li>\n<li>Mit 4 schwenkbaren R\u00e4dern<\/li>\n<li>Timer-Einstellungen: 0,5h, 1h, 2h, 4h<\/li>\n<li>Fassungsverm\u00f6gen des Wassertanks: 8 L<\/li>\n<li>Geschwindigkeitseinstellungen: 800 U\/min, 1000 U\/min und 1200 U\/min<\/li>\n<li>Mit Fernbedienung<\/li>\n<li>Ben\u00f6tigte Batterie: 1 x AAA (nicht im Lieferumfang enthalten)<\/li>\n<\/ul>\n","protected":false},"excerpt":{"rendered":"<p>Wenn Sie nach einer flexiblen, mobilen Luftk\u00fchlung f\u00fcr Ihre Familie suchen, dann ist dieses Klimager\u00e4t mit K\u00fchlfunktion AT-5468 von Tristar genau die richtige Wahl. Dieses energiesparende, fahrbare 45-W-Klimager\u00e4t wurde speziell f\u00fcr den Einsatz zu Hause entwickelt. Die Rollen und das kompakte Design erm\u00f6glichen einen unkomplizierten Ortswechsel des Ventilators, sodass er genau dort frische und k\u00fchle [&#8230;]\n","protected":false},"featured_media":114615,"template":"","meta":[],"product_cat":[52],"product_tag":[],"class_list":{"0":"post-3021","1":"product","2":"type-product","3":"status-publish","4":"has-post-thumbnail","6":"product_cat-luftkuehler","8":"first","9":"outofstock","10":"taxable","11":"shipping-taxable","12":"purchasable","13":"product-type-simple"},"_links":{"self":[{"href":"https:\/\/klima-theke.com\/index.php?rest_route=\/wp\/v2\/product\/3021","targetHints":{"allow":["GET"]}}],"collection":[{"href":"https:\/\/klima-theke.com\/index.php?rest_route=\/wp\/v2\/product"}],"about":[{"href":"https:\/\/klima-theke.com\/index.php?rest_route=\/wp\/v2\/types\/product"}],"wp:featuredmedia":[{"embeddable":true,"href":"https:\/\/klima-theke.com\/index.php?rest_route=\/wp\/v2\/media\/114615"}],"wp:attachment":[{"href":"https:\/\/klima-theke.com\/index.php?rest_route=%2Fwp%2Fv2%2Fmedia&parent=3021"}],"wp:term":[{"taxonomy":"product_cat","embeddable":true,"href":"https:\/\/klima-theke.com\/index.php?rest_route=%2Fwp%2Fv2%2Fproduct_cat&post=3021"},{"taxonomy":"product_tag","embeddable":true,"href":"https:\/\/klima-theke.com\/index.php?rest_route=%2Fwp%2Fv2%2Fproduct_tag&post=3021"}],"curies":[{"name":"wp","href":"https:\/\/api.w.org\/{rel}","templated":true}]}}