{"id":2998,"date":"2023-07-19T11:31:50","date_gmt":"2023-07-19T09:31:50","guid":{"rendered":"https:\/\/klima-theke.com\/produkt\/medisana-luftbefeuchter-uhw-silber\/"},"modified":"2023-10-10T09:58:12","modified_gmt":"2023-10-10T07:58:12","slug":"medisana-luftbefeuchter-uhw-silber","status":"publish","type":"product","link":"https:\/\/klima-theke.com\/?product=medisana-luftbefeuchter-uhw-silber","title":{"rendered":"Medisana Luftbefeuchter UHW Silber"},"content":{"rendered":"<p>Der Medisana Luftbefeuchter ist eine ideale Wahl daf\u00fcr, Luftfeuchtigkeit zu erh\u00f6hen, Ihre Haut weich und mit Feuchtigkeit zu versorgen sowie Staub und Bakterien zu reduzieren. Der ger\u00e4uscharme und Energie sparende Luftbefeuchter arbeiten mit hoher Effizienz durch Mikro-fine Zerst\u00e4uber. Die Maschine ist geeignet f\u00fcr Zimmer von bis zu 30 m\u00b2 und sie wird automatisch ausschalten, wenn der Tank leer ist.<\/p>\n<ul>\n<li>Farbe: Silber<\/li>\n<li>Ma\u00dfe: 26,5 x 33 x 20 cm <\/li>\n<li>Gewicht: 2 kg<\/li>\n<li>Leistung: 32 W<\/li>\n<li>Eingangnennung: 220 &#8211; 240V, 50Hz<\/li>\n<li>Kapazit\u00e4t von Wassertank: 4,2 L <\/li>\n<li>Maximale Zerst\u00e4uberkapazit\u00e4t: 230 ml \/ min<\/li>\n<\/ul>\n","protected":false},"excerpt":{"rendered":"<p>Der Medisana Luftbefeuchter ist eine ideale Wahl daf\u00fcr, Luftfeuchtigkeit zu erh\u00f6hen, Ihre Haut weich und mit Feuchtigkeit zu versorgen sowie Staub und Bakterien zu reduzieren. Der ger\u00e4uscharme und Energie sparende Luftbefeuchter arbeiten mit hoher Effizienz durch Mikro-fine Zerst\u00e4uber. Die Maschine ist geeignet f\u00fcr Zimmer von bis zu 30 m\u00b2 und sie wird automatisch ausschalten, wenn [&#8230;]\n","protected":false},"featured_media":103467,"template":"","meta":[],"product_cat":[35],"product_tag":[],"class_list":{"0":"post-2998","1":"product","2":"type-product","3":"status-publish","4":"has-post-thumbnail","6":"product_cat-luftbefeuchter-diffusor","8":"first","9":"instock","10":"taxable","11":"shipping-taxable","12":"purchasable","13":"product-type-simple"},"_links":{"self":[{"href":"https:\/\/klima-theke.com\/index.php?rest_route=\/wp\/v2\/product\/2998","targetHints":{"allow":["GET"]}}],"collection":[{"href":"https:\/\/klima-theke.com\/index.php?rest_route=\/wp\/v2\/product"}],"about":[{"href":"https:\/\/klima-theke.com\/index.php?rest_route=\/wp\/v2\/types\/product"}],"wp:featuredmedia":[{"embeddable":true,"href":"https:\/\/klima-theke.com\/index.php?rest_route=\/wp\/v2\/media\/103467"}],"wp:attachment":[{"href":"https:\/\/klima-theke.com\/index.php?rest_route=%2Fwp%2Fv2%2Fmedia&parent=2998"}],"wp:term":[{"taxonomy":"product_cat","embeddable":true,"href":"https:\/\/klima-theke.com\/index.php?rest_route=%2Fwp%2Fv2%2Fproduct_cat&post=2998"},{"taxonomy":"product_tag","embeddable":true,"href":"https:\/\/klima-theke.com\/index.php?rest_route=%2Fwp%2Fv2%2Fproduct_tag&post=2998"}],"curies":[{"name":"wp","href":"https:\/\/api.w.org\/{rel}","templated":true}]}}