{"id":2973,"date":"2023-07-19T11:31:31","date_gmt":"2023-07-19T09:31:31","guid":{"rendered":"https:\/\/klima-theke.com\/produkt\/turmventilator-60w-weiss\/"},"modified":"2023-10-28T11:32:30","modified_gmt":"2023-10-28T09:32:30","slug":"turmventilator-60w-weiss","status":"publish","type":"product","link":"https:\/\/klima-theke.com\/?product=turmventilator-60w-weiss","title":{"rendered":"Turmventilator 60W Wei\u00df"},"content":{"rendered":"<p>Wenn Sie Haushaltsger\u00e4te zum besten Gro\u00dfhandelspreis suchen, dann verpassen Sie nicht Ihre Chance auf <b>Turmventilator 60W Wei\u00df<\/b> sowie ein breites Sortiment an kleinen Haushaltsger\u00e4ten!<\/p>\n<ul>\n<li>Farbe: Wei\u00df<\/li>\n<li>Material: ABS<\/li>\n<li>L\u00e4nge des Kabels: 1,35 m<\/li>\n<li>Ma\u00dfe ca.: 19,3 x 79,5 x 23 cm<\/li>\n<li>Leistung: 60 W<\/li>\n<li>Geschwindigkeiten: 3 Geschwindigkeitsstufen<\/li>\n<li>Merkmale:\n<ul>\n<li>Oszillierend<\/li>\n<li>Tasten-Steuerung<\/li>\n<\/ul>\n<\/li>\n<li>Dreh: 180\u00ba<\/li>\n<li>Art: Turm-Ventilator<\/li>\n<\/ul>\n","protected":false},"excerpt":{"rendered":"<p>Wenn Sie Haushaltsger\u00e4te zum besten Gro\u00dfhandelspreis suchen, dann verpassen Sie nicht Ihre Chance auf Turmventilator 60W Wei\u00df sowie ein breites Sortiment an kleinen Haushaltsger\u00e4ten! Farbe: Wei\u00df Material: ABS L\u00e4nge des Kabels: 1,35 m Ma\u00dfe ca.: 19,3 x 79,5 x 23 cm Leistung: 60 W Geschwindigkeiten: 3 Geschwindigkeitsstufen Merkmale: Oszillierend Tasten-Steuerung Dreh: 180\u00ba Art: Turm-Ventilator<\/p>\n","protected":false},"featured_media":123730,"template":"","meta":[],"product_cat":[34],"product_tag":[],"class_list":{"0":"post-2973","1":"product","2":"type-product","3":"status-publish","4":"has-post-thumbnail","6":"product_cat-tisch-standventilatoren","8":"first","9":"instock","10":"taxable","11":"shipping-taxable","12":"purchasable","13":"product-type-simple"},"_links":{"self":[{"href":"https:\/\/klima-theke.com\/index.php?rest_route=\/wp\/v2\/product\/2973","targetHints":{"allow":["GET"]}}],"collection":[{"href":"https:\/\/klima-theke.com\/index.php?rest_route=\/wp\/v2\/product"}],"about":[{"href":"https:\/\/klima-theke.com\/index.php?rest_route=\/wp\/v2\/types\/product"}],"wp:featuredmedia":[{"embeddable":true,"href":"https:\/\/klima-theke.com\/index.php?rest_route=\/wp\/v2\/media\/123730"}],"wp:attachment":[{"href":"https:\/\/klima-theke.com\/index.php?rest_route=%2Fwp%2Fv2%2Fmedia&parent=2973"}],"wp:term":[{"taxonomy":"product_cat","embeddable":true,"href":"https:\/\/klima-theke.com\/index.php?rest_route=%2Fwp%2Fv2%2Fproduct_cat&post=2973"},{"taxonomy":"product_tag","embeddable":true,"href":"https:\/\/klima-theke.com\/index.php?rest_route=%2Fwp%2Fv2%2Fproduct_tag&post=2973"}],"curies":[{"name":"wp","href":"https:\/\/api.w.org\/{rel}","templated":true}]}}