{"id":2946,"date":"2023-07-19T11:31:05","date_gmt":"2023-07-19T09:31:05","guid":{"rendered":"https:\/\/klima-theke.com\/produkt\/heizkoerper-universal-blue-ucrm9005\/"},"modified":"2023-10-27T19:35:06","modified_gmt":"2023-10-27T17:35:06","slug":"heizkoerper-universal-blue-ucrm9005","status":"publish","type":"product","link":"https:\/\/klima-theke.com\/?product=heizkoerper-universal-blue-ucrm9005","title":{"rendered":"Heizk\u00f6rper Universal Blue UCRM9005"},"content":{"rendered":"<p>Wenn Sie Haushaltsger\u00e4te zum besten Gro\u00dfhandelspreis suchen, dann verpassen Sie nicht Ihre Chance auf <b>Heizk\u00f6rper Universal Blue UCRM9005<\/b> sowie ein breites Sortiment an kleinen Haushaltsger\u00e4ten!<\/p>\n<ul>\n<li>Farbe: Wei\u00df<\/li>\n<li>Konnektivit\u00e4t: Wi-Fi<\/li>\n<li>Leistung: 2000 W<\/li>\n<li>Leistungspegel: 2<\/li>\n<\/ul>\n","protected":false},"excerpt":{"rendered":"<p>Wenn Sie Haushaltsger\u00e4te zum besten Gro\u00dfhandelspreis suchen, dann verpassen Sie nicht Ihre Chance auf Heizk\u00f6rper Universal Blue UCRM9005 sowie ein breites Sortiment an kleinen Haushaltsger\u00e4ten! Farbe: Wei\u00df Konnektivit\u00e4t: Wi-Fi Leistung: 2000 W Leistungspegel: 2<\/p>\n","protected":false},"featured_media":123341,"template":"","meta":[],"product_cat":[38],"product_tag":[],"class_list":{"0":"post-2946","1":"product","2":"type-product","3":"status-publish","4":"has-post-thumbnail","6":"product_cat-heizungen-zubehoer","8":"first","9":"instock","10":"taxable","11":"shipping-taxable","12":"purchasable","13":"product-type-simple"},"_links":{"self":[{"href":"https:\/\/klima-theke.com\/index.php?rest_route=\/wp\/v2\/product\/2946","targetHints":{"allow":["GET"]}}],"collection":[{"href":"https:\/\/klima-theke.com\/index.php?rest_route=\/wp\/v2\/product"}],"about":[{"href":"https:\/\/klima-theke.com\/index.php?rest_route=\/wp\/v2\/types\/product"}],"wp:featuredmedia":[{"embeddable":true,"href":"https:\/\/klima-theke.com\/index.php?rest_route=\/wp\/v2\/media\/123341"}],"wp:attachment":[{"href":"https:\/\/klima-theke.com\/index.php?rest_route=%2Fwp%2Fv2%2Fmedia&parent=2946"}],"wp:term":[{"taxonomy":"product_cat","embeddable":true,"href":"https:\/\/klima-theke.com\/index.php?rest_route=%2Fwp%2Fv2%2Fproduct_cat&post=2946"},{"taxonomy":"product_tag","embeddable":true,"href":"https:\/\/klima-theke.com\/index.php?rest_route=%2Fwp%2Fv2%2Fproduct_tag&post=2946"}],"curies":[{"name":"wp","href":"https:\/\/api.w.org\/{rel}","templated":true}]}}