{"id":2931,"date":"2023-07-19T11:30:52","date_gmt":"2023-07-19T09:30:52","guid":{"rendered":"https:\/\/klima-theke.com\/produkt\/einstellbare-unterstuetzung-silenbloc-boden-4-stueck-65-x-5-cm\/"},"modified":"2023-10-27T10:55:18","modified_gmt":"2023-10-27T08:55:18","slug":"einstellbare-unterstuetzung-silenbloc-boden-4-stueck-65-x-5-cm","status":"publish","type":"product","link":"https:\/\/klima-theke.com\/?product=einstellbare-unterstuetzung-silenbloc-boden-4-stueck-65-x-5-cm","title":{"rendered":"Einstellbare Unterst\u00fctzung Silenbloc Boden 4 St\u00fcck (6,5 x 5 cm)"},"content":{"rendered":"<p>Wenn Sie Haushaltsger\u00e4te zum besten Gro\u00dfhandelspreis suchen, dann verpassen Sie nicht Ihre Chance auf <b>Einstellbare Unterst\u00fctzung Silenbloc Boden 4 St\u00fcck (6,5 x 5 cm)<\/b> sowie ein breites Sortiment an kleinen Haushaltsger\u00e4ten!<\/p>\n<ul>\n<li>Farbe: Schwarz<\/li>\n<li>Empfohlene verwendung:\n<ul>\n<li>Au\u00dfenbereich<\/li>\n<li>Boden<\/li>\n<\/ul>\n<\/li>\n<li>Ma\u00dfe ca.: 6,5 x 5 cm<\/li>\n<li>St\u00fcck: 4 St\u00fcck<\/li>\n<li>Material:\n<ul>\n<li>Gummi<\/li>\n<li>Stahl<\/li>\n<\/ul>\n<\/li>\n<\/ul>\n","protected":false},"excerpt":{"rendered":"<p>Wenn Sie Haushaltsger\u00e4te zum besten Gro\u00dfhandelspreis suchen, dann verpassen Sie nicht Ihre Chance auf Einstellbare Unterst\u00fctzung Silenbloc Boden 4 St\u00fcck (6,5 x 5 cm) sowie ein breites Sortiment an kleinen Haushaltsger\u00e4ten! Farbe: Schwarz Empfohlene verwendung: Au\u00dfenbereich Boden Ma\u00dfe ca.: 6,5 x 5 cm St\u00fcck: 4 St\u00fcck Material: Gummi Stahl<\/p>\n","protected":false},"featured_media":122902,"template":"","meta":[],"product_cat":[34],"product_tag":[],"class_list":{"0":"post-2931","1":"product","2":"type-product","3":"status-publish","4":"has-post-thumbnail","6":"product_cat-tisch-standventilatoren","8":"first","9":"instock","10":"taxable","11":"shipping-taxable","12":"purchasable","13":"product-type-simple"},"_links":{"self":[{"href":"https:\/\/klima-theke.com\/index.php?rest_route=\/wp\/v2\/product\/2931","targetHints":{"allow":["GET"]}}],"collection":[{"href":"https:\/\/klima-theke.com\/index.php?rest_route=\/wp\/v2\/product"}],"about":[{"href":"https:\/\/klima-theke.com\/index.php?rest_route=\/wp\/v2\/types\/product"}],"wp:featuredmedia":[{"embeddable":true,"href":"https:\/\/klima-theke.com\/index.php?rest_route=\/wp\/v2\/media\/122902"}],"wp:attachment":[{"href":"https:\/\/klima-theke.com\/index.php?rest_route=%2Fwp%2Fv2%2Fmedia&parent=2931"}],"wp:term":[{"taxonomy":"product_cat","embeddable":true,"href":"https:\/\/klima-theke.com\/index.php?rest_route=%2Fwp%2Fv2%2Fproduct_cat&post=2931"},{"taxonomy":"product_tag","embeddable":true,"href":"https:\/\/klima-theke.com\/index.php?rest_route=%2Fwp%2Fv2%2Fproduct_tag&post=2931"}],"curies":[{"name":"wp","href":"https:\/\/api.w.org\/{rel}","templated":true}]}}