{"id":2926,"date":"2023-07-19T11:30:46","date_gmt":"2023-07-19T09:30:46","guid":{"rendered":"https:\/\/klima-theke.com\/produkt\/digitaler-heizkoerper-haverland-wi11-1700-w\/"},"modified":"2023-10-18T15:17:43","modified_gmt":"2023-10-18T13:17:43","slug":"digitaler-heizkoerper-haverland-wi11-1700-w","status":"publish","type":"product","link":"https:\/\/klima-theke.com\/?product=digitaler-heizkoerper-haverland-wi11-1700-w","title":{"rendered":"Digitaler Heizk\u00f6rper Haverland WI11 1700 W"},"content":{"rendered":"<p>Wenn Sie Haushaltsger\u00e4te zum besten Gro\u00dfhandelspreis suchen, dann verpassen Sie nicht Ihre Chance auf <b>Digitaler Heizk\u00f6rper Haverland WI11 1700 W<\/b> sowie ein breites Sortiment an kleinen Haushaltsger\u00e4ten!<\/p>\n<ul>\n<li>Farbe: Wei\u00df<\/li>\n<li>Konnektivit\u00e4t: Wi-Fi<\/li>\n<li>Leistung: 1700 W<\/li>\n<\/ul>\n","protected":false},"excerpt":{"rendered":"<p>Wenn Sie Haushaltsger\u00e4te zum besten Gro\u00dfhandelspreis suchen, dann verpassen Sie nicht Ihre Chance auf Digitaler Heizk\u00f6rper Haverland WI11 1700 W sowie ein breites Sortiment an kleinen Haushaltsger\u00e4ten! Farbe: Wei\u00df Konnektivit\u00e4t: Wi-Fi Leistung: 1700 W<\/p>\n","protected":false},"featured_media":115306,"template":"","meta":[],"product_cat":[114],"product_tag":[],"class_list":{"0":"post-2926","1":"product","2":"type-product","3":"status-publish","4":"has-post-thumbnail","6":"product_cat-digitale-heizkoerper","8":"first","9":"outofstock","10":"taxable","11":"shipping-taxable","12":"purchasable","13":"product-type-simple"},"_links":{"self":[{"href":"https:\/\/klima-theke.com\/index.php?rest_route=\/wp\/v2\/product\/2926","targetHints":{"allow":["GET"]}}],"collection":[{"href":"https:\/\/klima-theke.com\/index.php?rest_route=\/wp\/v2\/product"}],"about":[{"href":"https:\/\/klima-theke.com\/index.php?rest_route=\/wp\/v2\/types\/product"}],"wp:featuredmedia":[{"embeddable":true,"href":"https:\/\/klima-theke.com\/index.php?rest_route=\/wp\/v2\/media\/115306"}],"wp:attachment":[{"href":"https:\/\/klima-theke.com\/index.php?rest_route=%2Fwp%2Fv2%2Fmedia&parent=2926"}],"wp:term":[{"taxonomy":"product_cat","embeddable":true,"href":"https:\/\/klima-theke.com\/index.php?rest_route=%2Fwp%2Fv2%2Fproduct_cat&post=2926"},{"taxonomy":"product_tag","embeddable":true,"href":"https:\/\/klima-theke.com\/index.php?rest_route=%2Fwp%2Fv2%2Fproduct_tag&post=2926"}],"curies":[{"name":"wp","href":"https:\/\/api.w.org\/{rel}","templated":true}]}}