{"id":2911,"date":"2023-07-19T11:30:33","date_gmt":"2023-07-19T09:30:33","guid":{"rendered":"https:\/\/klima-theke.com\/produkt\/tragbare-keramikheizung-taurus-atacama-2001-2000-w-weiss\/"},"modified":"2023-09-25T12:38:36","modified_gmt":"2023-09-25T10:38:36","slug":"tragbare-keramikheizung-taurus-atacama-2001-2000-w-weiss","status":"publish","type":"product","link":"https:\/\/klima-theke.com\/?product=tragbare-keramikheizung-taurus-atacama-2001-2000-w-weiss","title":{"rendered":"Tragbare Keramikheizung Taurus ATACAMA 2001 2000 W Wei\u00df"},"content":{"rendered":"<p>Wenn Sie Haushaltsger\u00e4te zum besten Gro\u00dfhandelspreis suchen, dann verpassen Sie nicht Ihre Chance auf <b>Tragbare Keramikheizung Taurus ATACAMA 2001 2000 W Wei\u00df<\/b> sowie ein breites Sortiment an kleinen Haushaltsger\u00e4ten!<\/p>\n<ul>\n<li>Farbe: Wei\u00df<\/li>\n<li>Thermostat: Einstellbar<\/li>\n<li>Leistung: 2000 W<\/li>\n<li>Stromquelle: Elektrizit\u00e4t<\/li>\n<\/ul>\n","protected":false},"excerpt":{"rendered":"<p>Wenn Sie Haushaltsger\u00e4te zum besten Gro\u00dfhandelspreis suchen, dann verpassen Sie nicht Ihre Chance auf Tragbare Keramikheizung Taurus ATACAMA 2001 2000 W Wei\u00df sowie ein breites Sortiment an kleinen Haushaltsger\u00e4ten! Farbe: Wei\u00df Thermostat: Einstellbar Leistung: 2000 W Stromquelle: Elektrizit\u00e4t<\/p>\n","protected":false},"featured_media":84439,"template":"","meta":[],"product_cat":[118],"product_tag":[],"class_list":{"0":"post-2911","1":"product","2":"type-product","3":"status-publish","4":"has-post-thumbnail","6":"product_cat-keramik-heizung","8":"first","9":"outofstock","10":"taxable","11":"shipping-taxable","12":"purchasable","13":"product-type-simple"},"_links":{"self":[{"href":"https:\/\/klima-theke.com\/index.php?rest_route=\/wp\/v2\/product\/2911","targetHints":{"allow":["GET"]}}],"collection":[{"href":"https:\/\/klima-theke.com\/index.php?rest_route=\/wp\/v2\/product"}],"about":[{"href":"https:\/\/klima-theke.com\/index.php?rest_route=\/wp\/v2\/types\/product"}],"wp:featuredmedia":[{"embeddable":true,"href":"https:\/\/klima-theke.com\/index.php?rest_route=\/wp\/v2\/media\/84439"}],"wp:attachment":[{"href":"https:\/\/klima-theke.com\/index.php?rest_route=%2Fwp%2Fv2%2Fmedia&parent=2911"}],"wp:term":[{"taxonomy":"product_cat","embeddable":true,"href":"https:\/\/klima-theke.com\/index.php?rest_route=%2Fwp%2Fv2%2Fproduct_cat&post=2911"},{"taxonomy":"product_tag","embeddable":true,"href":"https:\/\/klima-theke.com\/index.php?rest_route=%2Fwp%2Fv2%2Fproduct_tag&post=2911"}],"curies":[{"name":"wp","href":"https:\/\/api.w.org\/{rel}","templated":true}]}}