{"id":2836,"date":"2023-07-19T11:29:33","date_gmt":"2023-07-19T09:29:33","guid":{"rendered":"https:\/\/klima-theke.com\/produkt\/wolfcraft-stapelhilfe-fuer-brennholz-modular-xxl-5125000\/"},"modified":"2023-10-23T20:58:18","modified_gmt":"2023-10-23T18:58:18","slug":"wolfcraft-stapelhilfe-fuer-brennholz-modular-xxl-5125000","status":"publish","type":"product","link":"https:\/\/klima-theke.com\/?product=wolfcraft-stapelhilfe-fuer-brennholz-modular-xxl-5125000","title":{"rendered":"wolfcraft Feuerholz Stapelhilfe XXL 5125000"},"content":{"rendered":"<p>Die Brennholz-Stapelhilfe von wolfcraft ist eine modulare XXL Holzablage mit 4 Erweiterungseinheiten, jede mit einer L\u00e4nge von 42,5 cm, damit die Einheit in verschiedenen H\u00f6hen und Breiten aufgebaut werden kann, um den verf\u00fcgbaren Raum in Ihrer Garage oder Ihrem Schuppen optimal zu nutzen. Sie kann bis zu einer H\u00f6he von 1,4 m oder bis zu einer Breite von 3,2 m f\u00fcr eine maximale Kapazit\u00e4t von 1,6 m\u00b3 Holz aufgeladen werden und ist ideal f\u00fcr die Au\u00dfenanwendung. Die verstellbare Stapelhilfe von wolfcraft kann ohne Werkzeuge schnell montiert und demontiert werden.<\/p>\n<ul>\n<li>Farbe: Grau<\/li>\n<li>Material: Metall<\/li>\n<li>Abmessungen (montiert): (176,6-324,1) x 25,6 x (103,6-146) cm (L x B x H)<\/li>\n<li>Zum Lagern von Holzscheiten mit eine L\u00e4nge zwischen 25 &#8211; 50 cm <\/li>\n<li>Die 5 Kunststoff-Abstandshalter sorgen f\u00fcr eine optimale Bel\u00fcftung des Holzes von oben<\/li>\n<li>Die 4 Erweiterungseinheiten, jede mit einer L\u00e4nge von 42,5 cm, erm\u00f6glichen es, dass die Einheit in verschiedenen H\u00f6hen und Breiten aufgebaut wird<\/li>\n<li>Kann bis 1,4 m hoch und 3,2 m breit beladen werden, f\u00fcr max. 1,6 m\u00b3 Holz<\/li>\n<li>Schnelle Montage und Demontage ohne Werkzeuge<\/li>\n<li>Ideal f\u00fcr den Au\u00dfenbereich<\/li>\n<li>Gewicht: 8 kg<\/li>\n<\/ul>\n","protected":false},"excerpt":{"rendered":"<p>Die Brennholz-Stapelhilfe von wolfcraft ist eine modulare XXL Holzablage mit 4 Erweiterungseinheiten, jede mit einer L\u00e4nge von 42,5 cm, damit die Einheit in verschiedenen H\u00f6hen und Breiten aufgebaut werden kann, um den verf\u00fcgbaren Raum in Ihrer Garage oder Ihrem Schuppen optimal zu nutzen. Sie kann bis zu einer H\u00f6he von 1,4 m oder bis zu [&#8230;]\n","protected":false},"featured_media":119039,"template":"","meta":[],"product_cat":[46],"product_tag":[],"class_list":{"0":"post-2836","1":"product","2":"type-product","3":"status-publish","4":"has-post-thumbnail","6":"product_cat-aufbewahrungs-koerbe","8":"first","9":"instock","10":"taxable","11":"shipping-taxable","12":"purchasable","13":"product-type-simple"},"_links":{"self":[{"href":"https:\/\/klima-theke.com\/index.php?rest_route=\/wp\/v2\/product\/2836","targetHints":{"allow":["GET"]}}],"collection":[{"href":"https:\/\/klima-theke.com\/index.php?rest_route=\/wp\/v2\/product"}],"about":[{"href":"https:\/\/klima-theke.com\/index.php?rest_route=\/wp\/v2\/types\/product"}],"wp:featuredmedia":[{"embeddable":true,"href":"https:\/\/klima-theke.com\/index.php?rest_route=\/wp\/v2\/media\/119039"}],"wp:attachment":[{"href":"https:\/\/klima-theke.com\/index.php?rest_route=%2Fwp%2Fv2%2Fmedia&parent=2836"}],"wp:term":[{"taxonomy":"product_cat","embeddable":true,"href":"https:\/\/klima-theke.com\/index.php?rest_route=%2Fwp%2Fv2%2Fproduct_cat&post=2836"},{"taxonomy":"product_tag","embeddable":true,"href":"https:\/\/klima-theke.com\/index.php?rest_route=%2Fwp%2Fv2%2Fproduct_tag&post=2836"}],"curies":[{"name":"wp","href":"https:\/\/api.w.org\/{rel}","templated":true}]}}