{"id":2806,"date":"2023-07-19T11:29:12","date_gmt":"2023-07-19T09:29:12","guid":{"rendered":"https:\/\/klima-theke.com\/produkt\/belueftungsdiffusor-fepre-koppa-eingelassen-o-100-mm-weiss\/"},"modified":"2023-10-11T17:32:44","modified_gmt":"2023-10-11T15:32:44","slug":"belueftungsdiffusor-fepre-koppa-eingelassen-o-100-mm-weiss","status":"publish","type":"product","link":"https:\/\/klima-theke.com\/?product=belueftungsdiffusor-fepre-koppa-eingelassen-o-100-mm-weiss","title":{"rendered":"Bel\u00fcftungsdiffusor Fepre Koppa Eingelassen \u00d8 100 mm Wei\u00df"},"content":{"rendered":"<p>Wenn Sie bei der Einrichtung ihres Heims Wert auf Details legen und bei Produkten, die Ihnen das Leben leichter machen, auf dem letzten Stand sein m\u00f6chten, dann kaufen Sie <b>Bel\u00fcftungsdiffusor Fepre Koppa Eingelassen \u00d8 100 mm Wei\u00df<\/b> zum besten Preis.<\/p>\n<ul>\n<li>Farbe: Wei\u00df<\/li>\n<li>Material:\n<ul>\n<li>Aluminium<\/li>\n<li>Polypropylen<\/li>\n<\/ul>\n<\/li>\n<li>Durchmesser: \u00d8 100 mm<\/li>\n<li>Art: Bel\u00fcftungsdiffusor<\/li>\n<li>Installationsart: Eingelassen<\/li>\n<\/ul>\n","protected":false},"excerpt":{"rendered":"<p>Wenn Sie bei der Einrichtung ihres Heims Wert auf Details legen und bei Produkten, die Ihnen das Leben leichter machen, auf dem letzten Stand sein m\u00f6chten, dann kaufen Sie Bel\u00fcftungsdiffusor Fepre Koppa Eingelassen \u00d8 100 mm Wei\u00df zum besten Preis. Farbe: Wei\u00df Material: Aluminium Polypropylen Durchmesser: \u00d8 100 mm Art: Bel\u00fcftungsdiffusor Installationsart: Eingelassen<\/p>\n","protected":false},"featured_media":107189,"template":"","meta":[],"product_cat":[34],"product_tag":[],"class_list":{"0":"post-2806","1":"product","2":"type-product","3":"status-publish","4":"has-post-thumbnail","6":"product_cat-tisch-standventilatoren","8":"first","9":"instock","10":"taxable","11":"shipping-taxable","12":"purchasable","13":"product-type-simple"},"_links":{"self":[{"href":"https:\/\/klima-theke.com\/index.php?rest_route=\/wp\/v2\/product\/2806","targetHints":{"allow":["GET"]}}],"collection":[{"href":"https:\/\/klima-theke.com\/index.php?rest_route=\/wp\/v2\/product"}],"about":[{"href":"https:\/\/klima-theke.com\/index.php?rest_route=\/wp\/v2\/types\/product"}],"wp:featuredmedia":[{"embeddable":true,"href":"https:\/\/klima-theke.com\/index.php?rest_route=\/wp\/v2\/media\/107189"}],"wp:attachment":[{"href":"https:\/\/klima-theke.com\/index.php?rest_route=%2Fwp%2Fv2%2Fmedia&parent=2806"}],"wp:term":[{"taxonomy":"product_cat","embeddable":true,"href":"https:\/\/klima-theke.com\/index.php?rest_route=%2Fwp%2Fv2%2Fproduct_cat&post=2806"},{"taxonomy":"product_tag","embeddable":true,"href":"https:\/\/klima-theke.com\/index.php?rest_route=%2Fwp%2Fv2%2Fproduct_tag&post=2806"}],"curies":[{"name":"wp","href":"https:\/\/api.w.org\/{rel}","templated":true}]}}