{"id":2804,"date":"2023-07-19T11:29:10","date_gmt":"2023-07-19T09:29:10","guid":{"rendered":"https:\/\/klima-theke.com\/produkt\/wolfcraft-feuerholz-stapelhilfe-5122000\/"},"modified":"2023-10-27T17:20:19","modified_gmt":"2023-10-27T15:20:19","slug":"wolfcraft-feuerholz-stapelhilfe-5122000","status":"publish","type":"product","link":"https:\/\/klima-theke.com\/?product=wolfcraft-feuerholz-stapelhilfe-5122000","title":{"rendered":"wolfcraft Feuerholz-Stapelhilfe 5122000"},"content":{"rendered":"<p>Dieses wolfcraft Brennholzregal ist ideal zur Nutzung im Freien geeignet und h\u00e4lt Ihr Feuerholz trocken. Das Regal ist zum Lagern von Holzscheiten von 25 &#8211; 50 cm L\u00e4nge geeignet. Vier Kunststoff-Abstandshalter sorgen f\u00fcr eine optimale Bel\u00fcftung des Holzes von unten, so dass es besser trocknen kann. Diese praktische Feuerholz-Stapelhilfe von wolfcraft kann individuell an die Gegebenheiten angepasst werden.<\/p>\n<ul>\n<li>Abmessungen (montiert): (172-234) x 104,5 x 31 cm (L x B x H)<\/li>\n<li>Zum Lagern von Holzscheiten von 25 &#8211; 50 cm L\u00e4nge<\/li>\n<li>Vier Kunststoff-Abstandshalter sorgen f\u00fcr eine optimale Bel\u00fcftung des Holzes von unten<\/li>\n<li>L\u00e4nge kann innerhalb k\u00fcrzester Zeit von 1,72 m auf 2,34 m erweitert werden<\/li>\n<li>Kann bis 1 m hoch und 2,34 m breit beladen werden, f\u00fcr max. 1,17 m\u00b3 Holz<\/li>\n<li>Ideal f\u00fcr den Au\u00dfenbereich<\/li>\n<\/ul>\n","protected":false},"excerpt":{"rendered":"<p>Dieses wolfcraft Brennholzregal ist ideal zur Nutzung im Freien geeignet und h\u00e4lt Ihr Feuerholz trocken. Das Regal ist zum Lagern von Holzscheiten von 25 &#8211; 50 cm L\u00e4nge geeignet. Vier Kunststoff-Abstandshalter sorgen f\u00fcr eine optimale Bel\u00fcftung des Holzes von unten, so dass es besser trocknen kann. Diese praktische Feuerholz-Stapelhilfe von wolfcraft kann individuell an die [&#8230;]\n","protected":false},"featured_media":123186,"template":"","meta":[],"product_cat":[46],"product_tag":[],"class_list":{"0":"post-2804","1":"product","2":"type-product","3":"status-publish","4":"has-post-thumbnail","6":"product_cat-aufbewahrungs-koerbe","8":"first","9":"instock","10":"taxable","11":"shipping-taxable","12":"purchasable","13":"product-type-simple"},"_links":{"self":[{"href":"https:\/\/klima-theke.com\/index.php?rest_route=\/wp\/v2\/product\/2804","targetHints":{"allow":["GET"]}}],"collection":[{"href":"https:\/\/klima-theke.com\/index.php?rest_route=\/wp\/v2\/product"}],"about":[{"href":"https:\/\/klima-theke.com\/index.php?rest_route=\/wp\/v2\/types\/product"}],"wp:featuredmedia":[{"embeddable":true,"href":"https:\/\/klima-theke.com\/index.php?rest_route=\/wp\/v2\/media\/123186"}],"wp:attachment":[{"href":"https:\/\/klima-theke.com\/index.php?rest_route=%2Fwp%2Fv2%2Fmedia&parent=2804"}],"wp:term":[{"taxonomy":"product_cat","embeddable":true,"href":"https:\/\/klima-theke.com\/index.php?rest_route=%2Fwp%2Fv2%2Fproduct_cat&post=2804"},{"taxonomy":"product_tag","embeddable":true,"href":"https:\/\/klima-theke.com\/index.php?rest_route=%2Fwp%2Fv2%2Fproduct_tag&post=2804"}],"curies":[{"name":"wp","href":"https:\/\/api.w.org\/{rel}","templated":true}]}}