{"id":2760,"date":"2023-07-19T11:28:36","date_gmt":"2023-07-19T09:28:36","guid":{"rendered":"https:\/\/klima-theke.com\/produkt\/motor-edm-33916-ventilator-ersatzteil\/"},"modified":"2023-10-16T20:33:38","modified_gmt":"2023-10-16T18:33:38","slug":"motor-edm-33916-ventilator-ersatzteil","status":"publish","type":"product","link":"https:\/\/klima-theke.com\/?product=motor-edm-33916-ventilator-ersatzteil","title":{"rendered":"Motor EDM 33916 Ventilator Ersatzteil"},"content":{"rendered":"<p>Wenn Sie bei der Einrichtung ihres Heims Wert auf Details legen und bei Produkten, die Ihnen das Leben leichter machen, auf dem letzten Stand sein m\u00f6chten, dann kaufen Sie <b>Motor EDM 33916 Ventilator Ersatzteil<\/b> zum besten Preis.<\/p>\n<ul>\n<li>Farbe: Wei\u00df<\/li>\n<li>Material: Polypropylen<\/li>\n<li>Art: Ersatzteil<\/li>\n<li>Geeignet f\u00fcr: Ventilator<\/li>\n<\/ul>\n","protected":false},"excerpt":{"rendered":"<p>Wenn Sie bei der Einrichtung ihres Heims Wert auf Details legen und bei Produkten, die Ihnen das Leben leichter machen, auf dem letzten Stand sein m\u00f6chten, dann kaufen Sie Motor EDM 33916 Ventilator Ersatzteil zum besten Preis. Farbe: Wei\u00df Material: Polypropylen Art: Ersatzteil Geeignet f\u00fcr: Ventilator<\/p>\n","protected":false},"featured_media":112527,"template":"","meta":[],"product_cat":[34],"product_tag":[],"class_list":{"0":"post-2760","1":"product","2":"type-product","3":"status-publish","4":"has-post-thumbnail","6":"product_cat-tisch-standventilatoren","8":"first","9":"instock","10":"taxable","11":"shipping-taxable","12":"purchasable","13":"product-type-simple"},"_links":{"self":[{"href":"https:\/\/klima-theke.com\/index.php?rest_route=\/wp\/v2\/product\/2760","targetHints":{"allow":["GET"]}}],"collection":[{"href":"https:\/\/klima-theke.com\/index.php?rest_route=\/wp\/v2\/product"}],"about":[{"href":"https:\/\/klima-theke.com\/index.php?rest_route=\/wp\/v2\/types\/product"}],"wp:featuredmedia":[{"embeddable":true,"href":"https:\/\/klima-theke.com\/index.php?rest_route=\/wp\/v2\/media\/112527"}],"wp:attachment":[{"href":"https:\/\/klima-theke.com\/index.php?rest_route=%2Fwp%2Fv2%2Fmedia&parent=2760"}],"wp:term":[{"taxonomy":"product_cat","embeddable":true,"href":"https:\/\/klima-theke.com\/index.php?rest_route=%2Fwp%2Fv2%2Fproduct_cat&post=2760"},{"taxonomy":"product_tag","embeddable":true,"href":"https:\/\/klima-theke.com\/index.php?rest_route=%2Fwp%2Fv2%2Fproduct_tag&post=2760"}],"curies":[{"name":"wp","href":"https:\/\/api.w.org\/{rel}","templated":true}]}}