{"id":2604,"date":"2023-07-19T09:26:36","date_gmt":"2023-07-19T09:26:36","guid":{"rendered":"https:\/\/klima-theke.com\/produkt\/freistehender-ventilator-oceanic-o40-cm-95-w\/"},"modified":"2023-09-30T14:00:56","modified_gmt":"2023-09-30T12:00:56","slug":"freistehender-ventilator-oceanic-o40-cm-95-w","status":"publish","type":"product","link":"https:\/\/klima-theke.com\/?product=freistehender-ventilator-oceanic-o40-cm-95-w","title":{"rendered":"Freistehender Ventilator Oceanic \u00d840 cm 95 W"},"content":{"rendered":"<p>Wenn Sie bei der Einrichtung ihres Heims Wert auf Details legen und bei Produkten, die Ihnen das Leben leichter machen, auf dem letzten Stand sein m\u00f6chten, dann kaufen Sie <b>Freistehender Ventilator Oceanic \u00d840 cm 95 W<\/b> zum besten Preis.<\/p>\n<ul>\n<li>Merkmale:\n<ul>\n<li>Fernbedienung<\/li>\n<li>Zeitschaltuhr<\/li>\n<\/ul>\n<\/li>\n<li>Geschwindigkeiten: 3<\/li>\n<li>Durchmesser: \u00d8 40 cm<\/li>\n<li>Technologie: LED<\/li>\n<li>Leistung: 95 W<\/li>\n<\/ul>\n","protected":false},"excerpt":{"rendered":"<p>Wenn Sie bei der Einrichtung ihres Heims Wert auf Details legen und bei Produkten, die Ihnen das Leben leichter machen, auf dem letzten Stand sein m\u00f6chten, dann kaufen Sie Freistehender Ventilator Oceanic \u00d840 cm 95 W zum besten Preis. Merkmale: Fernbedienung Zeitschaltuhr Geschwindigkeiten: 3 Durchmesser: \u00d8 40 cm Technologie: LED Leistung: 95 W<\/p>\n","protected":false},"featured_media":90143,"template":"","meta":[],"product_cat":[34],"product_tag":[],"class_list":{"0":"post-2604","1":"product","2":"type-product","3":"status-publish","4":"has-post-thumbnail","6":"product_cat-tisch-standventilatoren","8":"first","9":"outofstock","10":"taxable","11":"shipping-taxable","12":"purchasable","13":"product-type-simple"},"_links":{"self":[{"href":"https:\/\/klima-theke.com\/index.php?rest_route=\/wp\/v2\/product\/2604","targetHints":{"allow":["GET"]}}],"collection":[{"href":"https:\/\/klima-theke.com\/index.php?rest_route=\/wp\/v2\/product"}],"about":[{"href":"https:\/\/klima-theke.com\/index.php?rest_route=\/wp\/v2\/types\/product"}],"wp:featuredmedia":[{"embeddable":true,"href":"https:\/\/klima-theke.com\/index.php?rest_route=\/wp\/v2\/media\/90143"}],"wp:attachment":[{"href":"https:\/\/klima-theke.com\/index.php?rest_route=%2Fwp%2Fv2%2Fmedia&parent=2604"}],"wp:term":[{"taxonomy":"product_cat","embeddable":true,"href":"https:\/\/klima-theke.com\/index.php?rest_route=%2Fwp%2Fv2%2Fproduct_cat&post=2604"},{"taxonomy":"product_tag","embeddable":true,"href":"https:\/\/klima-theke.com\/index.php?rest_route=%2Fwp%2Fv2%2Fproduct_tag&post=2604"}],"curies":[{"name":"wp","href":"https:\/\/api.w.org\/{rel}","templated":true}]}}