{"id":2587,"date":"2023-07-19T11:26:21","date_gmt":"2023-07-19T09:26:21","guid":{"rendered":"https:\/\/klima-theke.com\/produkt\/luftbefeuchter-kiwi-22-l-ultraschall-weiss\/"},"modified":"2023-10-24T17:33:22","modified_gmt":"2023-10-24T15:33:22","slug":"luftbefeuchter-kiwi-22-l-ultraschall-weiss","status":"publish","type":"product","link":"https:\/\/klima-theke.com\/?product=luftbefeuchter-kiwi-22-l-ultraschall-weiss","title":{"rendered":"Luftbefeuchter Kiwi 2,2 L Ultraschall Wei\u00df"},"content":{"rendered":"<ul>\n<li>Farbe: Wei\u00df<\/li>\n<li>Kapazit\u00e4t: 2,2 L<\/li>\n<li>Merkmale: Leise<\/li>\n<li>Dauer: 8 Stunden<\/li>\n<\/ul>\n<p>Wenn Sie Haushaltsger\u00e4te zum besten Gro\u00dfhandelspreis suchen, dann verpassen Sie nicht Ihre Chance auf <b>Luftbefeuchter Kiwi Ultraschall Wei\u00df<\/b> sowie ein breites Sortiment an kleinen Haushaltsger\u00e4ten!<\/p>\n","protected":false},"excerpt":{"rendered":"<p>Farbe: Wei\u00df Kapazit\u00e4t: 2,2 L Merkmale: Leise Dauer: 8 Stunden Wenn Sie Haushaltsger\u00e4te zum besten Gro\u00dfhandelspreis suchen, dann verpassen Sie nicht Ihre Chance auf Luftbefeuchter Kiwi Ultraschall Wei\u00df sowie ein breites Sortiment an kleinen Haushaltsger\u00e4ten!<\/p>\n","protected":false},"featured_media":119982,"template":"","meta":[],"product_cat":[35],"product_tag":[],"class_list":{"0":"post-2587","1":"product","2":"type-product","3":"status-publish","4":"has-post-thumbnail","6":"product_cat-luftbefeuchter-diffusor","8":"first","9":"instock","10":"taxable","11":"shipping-taxable","12":"purchasable","13":"product-type-simple"},"_links":{"self":[{"href":"https:\/\/klima-theke.com\/index.php?rest_route=\/wp\/v2\/product\/2587","targetHints":{"allow":["GET"]}}],"collection":[{"href":"https:\/\/klima-theke.com\/index.php?rest_route=\/wp\/v2\/product"}],"about":[{"href":"https:\/\/klima-theke.com\/index.php?rest_route=\/wp\/v2\/types\/product"}],"wp:featuredmedia":[{"embeddable":true,"href":"https:\/\/klima-theke.com\/index.php?rest_route=\/wp\/v2\/media\/119982"}],"wp:attachment":[{"href":"https:\/\/klima-theke.com\/index.php?rest_route=%2Fwp%2Fv2%2Fmedia&parent=2587"}],"wp:term":[{"taxonomy":"product_cat","embeddable":true,"href":"https:\/\/klima-theke.com\/index.php?rest_route=%2Fwp%2Fv2%2Fproduct_cat&post=2587"},{"taxonomy":"product_tag","embeddable":true,"href":"https:\/\/klima-theke.com\/index.php?rest_route=%2Fwp%2Fv2%2Fproduct_tag&post=2587"}],"curies":[{"name":"wp","href":"https:\/\/api.w.org\/{rel}","templated":true}]}}