{"id":2585,"date":"2023-07-19T11:26:19","date_gmt":"2023-07-19T09:26:19","guid":{"rendered":"https:\/\/klima-theke.com\/produkt\/esschert-design-terrassenofen-mit-holzlager-schwarz-ff410\/"},"modified":"2023-10-17T15:01:45","modified_gmt":"2023-10-17T13:01:45","slug":"esschert-design-terrassenofen-mit-holzlager-schwarz-ff410","status":"publish","type":"product","link":"https:\/\/klima-theke.com\/?product=esschert-design-terrassenofen-mit-holzlager-schwarz-ff410","title":{"rendered":"Esschert Design Terrassenofen mit Holzlager Schwarz FF410"},"content":{"rendered":"<p>Sammeln Sie Ihre Familie und Freunde f\u00fcr ein Lagerfeuer um diesen markanten Terrassenofen mit Holzlager von Esschert Design! Dieser rustikale Ofen ist aus Stahl in attraktiver Rostoptik gefertigt und bietet dank praktischer, eingebauter Ablagefl\u00e4che auch Platz zum Verstauen des Feuerholzes. Der Terrassenofen wird sich in jeden Au\u00dfenbereich harmonisch einf\u00fcgen und eine echte Bereicherung f\u00fcr Ihren Garten bzw. Ihre Terrasse darstellen.<\/p>\n<ul>\n<li>Farbe: Schwarz <\/li>\n<li>Material: Stahl<\/li>\n<li>Abmessungen: 38,4 x 38,4 x 136,3 cm (L x B x H)<\/li>\n<\/ul>\n","protected":false},"excerpt":{"rendered":"<p>Sammeln Sie Ihre Familie und Freunde f\u00fcr ein Lagerfeuer um diesen markanten Terrassenofen mit Holzlager von Esschert Design! Dieser rustikale Ofen ist aus Stahl in attraktiver Rostoptik gefertigt und bietet dank praktischer, eingebauter Ablagefl\u00e4che auch Platz zum Verstauen des Feuerholzes. Der Terrassenofen wird sich in jeden Au\u00dfenbereich harmonisch einf\u00fcgen und eine echte Bereicherung f\u00fcr Ihren [&#8230;]\n","protected":false},"featured_media":113791,"template":"","meta":[],"product_cat":[39],"product_tag":[],"class_list":{"0":"post-2585","1":"product","2":"type-product","3":"status-publish","4":"has-post-thumbnail","6":"product_cat-kamine-grills-grillkamine","8":"first","9":"instock","10":"taxable","11":"shipping-taxable","12":"purchasable","13":"product-type-simple"},"_links":{"self":[{"href":"https:\/\/klima-theke.com\/index.php?rest_route=\/wp\/v2\/product\/2585","targetHints":{"allow":["GET"]}}],"collection":[{"href":"https:\/\/klima-theke.com\/index.php?rest_route=\/wp\/v2\/product"}],"about":[{"href":"https:\/\/klima-theke.com\/index.php?rest_route=\/wp\/v2\/types\/product"}],"wp:featuredmedia":[{"embeddable":true,"href":"https:\/\/klima-theke.com\/index.php?rest_route=\/wp\/v2\/media\/113791"}],"wp:attachment":[{"href":"https:\/\/klima-theke.com\/index.php?rest_route=%2Fwp%2Fv2%2Fmedia&parent=2585"}],"wp:term":[{"taxonomy":"product_cat","embeddable":true,"href":"https:\/\/klima-theke.com\/index.php?rest_route=%2Fwp%2Fv2%2Fproduct_cat&post=2585"},{"taxonomy":"product_tag","embeddable":true,"href":"https:\/\/klima-theke.com\/index.php?rest_route=%2Fwp%2Fv2%2Fproduct_tag&post=2585"}],"curies":[{"name":"wp","href":"https:\/\/api.w.org\/{rel}","templated":true}]}}