{"id":2552,"date":"2023-07-19T11:25:53","date_gmt":"2023-07-19T09:25:53","guid":{"rendered":"https:\/\/klima-theke.com\/produkt\/einstellbare-unterstuetzung-silenbloc-4-stueck-55-x-35-cm\/"},"modified":"2023-10-24T09:56:23","modified_gmt":"2023-10-24T07:56:23","slug":"einstellbare-unterstuetzung-silenbloc-4-stueck-55-x-35-cm","status":"publish","type":"product","link":"https:\/\/klima-theke.com\/?product=einstellbare-unterstuetzung-silenbloc-4-stueck-55-x-35-cm","title":{"rendered":"Einstellbare Unterst\u00fctzung Silenbloc 4 St\u00fcck (5,5 x 3,5 cm)"},"content":{"rendered":"<p>Wenn Sie Haushaltsger\u00e4te zum besten Gro\u00dfhandelspreis suchen, dann verpassen Sie nicht Ihre Chance auf <b>Einstellbare Unterst\u00fctzung Silenbloc 4 St\u00fcck (5,5 x 3,5 cm)<\/b> sowie ein breites Sortiment an kleinen Haushaltsger\u00e4ten!<\/p>\n<ul>\n<li>Farbe: Schwarz<\/li>\n<li>Ma\u00dfe ca.: 5,5 x 3,5 cm<\/li>\n<li>Enthalten:\n<ul>\n<li>Muttern<\/li>\n<li>Unterlegscheiben<\/li>\n<\/ul>\n<\/li>\n<li>St\u00fcck: 4 St\u00fcck<\/li>\n<li>Material:\n<ul>\n<li>Gummi<\/li>\n<li>Stahl<\/li>\n<\/ul>\n<\/li>\n<\/ul>\n","protected":false},"excerpt":{"rendered":"<p>Wenn Sie Haushaltsger\u00e4te zum besten Gro\u00dfhandelspreis suchen, dann verpassen Sie nicht Ihre Chance auf Einstellbare Unterst\u00fctzung Silenbloc 4 St\u00fcck (5,5 x 3,5 cm) sowie ein breites Sortiment an kleinen Haushaltsger\u00e4ten! Farbe: Schwarz Ma\u00dfe ca.: 5,5 x 3,5 cm Enthalten: Muttern Unterlegscheiben St\u00fcck: 4 St\u00fcck Material: Gummi Stahl<\/p>\n","protected":false},"featured_media":119553,"template":"","meta":[],"product_cat":[34],"product_tag":[],"class_list":{"0":"post-2552","1":"product","2":"type-product","3":"status-publish","4":"has-post-thumbnail","6":"product_cat-tisch-standventilatoren","8":"first","9":"instock","10":"taxable","11":"shipping-taxable","12":"purchasable","13":"product-type-simple"},"_links":{"self":[{"href":"https:\/\/klima-theke.com\/index.php?rest_route=\/wp\/v2\/product\/2552","targetHints":{"allow":["GET"]}}],"collection":[{"href":"https:\/\/klima-theke.com\/index.php?rest_route=\/wp\/v2\/product"}],"about":[{"href":"https:\/\/klima-theke.com\/index.php?rest_route=\/wp\/v2\/types\/product"}],"wp:featuredmedia":[{"embeddable":true,"href":"https:\/\/klima-theke.com\/index.php?rest_route=\/wp\/v2\/media\/119553"}],"wp:attachment":[{"href":"https:\/\/klima-theke.com\/index.php?rest_route=%2Fwp%2Fv2%2Fmedia&parent=2552"}],"wp:term":[{"taxonomy":"product_cat","embeddable":true,"href":"https:\/\/klima-theke.com\/index.php?rest_route=%2Fwp%2Fv2%2Fproduct_cat&post=2552"},{"taxonomy":"product_tag","embeddable":true,"href":"https:\/\/klima-theke.com\/index.php?rest_route=%2Fwp%2Fv2%2Fproduct_tag&post=2552"}],"curies":[{"name":"wp","href":"https:\/\/api.w.org\/{rel}","templated":true}]}}