{"id":2515,"date":"2023-07-19T11:25:21","date_gmt":"2023-07-19T09:25:21","guid":{"rendered":"https:\/\/klima-theke.com\/produkt\/quartz-heizung-1200-w-weiss\/"},"modified":"2023-10-12T11:09:06","modified_gmt":"2023-10-12T09:09:06","slug":"quartz-heizung-1200-w-weiss","status":"publish","type":"product","link":"https:\/\/klima-theke.com\/?product=quartz-heizung-1200-w-weiss","title":{"rendered":"Quartz-Heizung 1200 W Wei\u00df"},"content":{"rendered":"<p>Wenn Sie Haushaltsger\u00e4te zum besten Gro\u00dfhandelspreis suchen, dann verpassen Sie nicht Ihre Chance auf <b>Quartz-Heizung 1200 W Wei\u00df<\/b> sowie ein breites Sortiment an kleinen Haushaltsger\u00e4ten!<\/p>\n<ul>\n<li>Farbe: Wei\u00df<\/li>\n<li>Material:\n<ul>\n<li>Kunststoff<\/li>\n<li>Stahl<\/li>\n<\/ul>\n<\/li>\n<li>L\u00e4nge des Kabels: 1,2 m<\/li>\n<li>Ma\u00dfe ca.: 12,5 x 25,5 x 49 cm<\/li>\n<li>Art: Elektrische \u00d6fen<\/li>\n<li>Leistung: 1200 W<\/li>\n<li>3 Ebenen:\n<ul>\n<li>400 W<\/li>\n<li>800 W<\/li>\n<li>1200 W<\/li>\n<\/ul>\n<\/li>\n<\/ul>\n","protected":false},"excerpt":{"rendered":"<p>Wenn Sie Haushaltsger\u00e4te zum besten Gro\u00dfhandelspreis suchen, dann verpassen Sie nicht Ihre Chance auf Quartz-Heizung 1200 W Wei\u00df sowie ein breites Sortiment an kleinen Haushaltsger\u00e4ten! Farbe: Wei\u00df Material: Kunststoff Stahl L\u00e4nge des Kabels: 1,2 m Ma\u00dfe ca.: 12,5 x 25,5 x 49 cm Art: Elektrische \u00d6fen Leistung: 1200 W 3 Ebenen: 400 W 800 W [&#8230;]\n","protected":false},"featured_media":107886,"template":"","meta":[],"product_cat":[115],"product_tag":[],"class_list":{"0":"post-2515","1":"product","2":"type-product","3":"status-publish","4":"has-post-thumbnail","6":"product_cat-heizstrahler","8":"first","9":"outofstock","10":"taxable","11":"shipping-taxable","12":"purchasable","13":"product-type-simple"},"_links":{"self":[{"href":"https:\/\/klima-theke.com\/index.php?rest_route=\/wp\/v2\/product\/2515","targetHints":{"allow":["GET"]}}],"collection":[{"href":"https:\/\/klima-theke.com\/index.php?rest_route=\/wp\/v2\/product"}],"about":[{"href":"https:\/\/klima-theke.com\/index.php?rest_route=\/wp\/v2\/types\/product"}],"wp:featuredmedia":[{"embeddable":true,"href":"https:\/\/klima-theke.com\/index.php?rest_route=\/wp\/v2\/media\/107886"}],"wp:attachment":[{"href":"https:\/\/klima-theke.com\/index.php?rest_route=%2Fwp%2Fv2%2Fmedia&parent=2515"}],"wp:term":[{"taxonomy":"product_cat","embeddable":true,"href":"https:\/\/klima-theke.com\/index.php?rest_route=%2Fwp%2Fv2%2Fproduct_cat&post=2515"},{"taxonomy":"product_tag","embeddable":true,"href":"https:\/\/klima-theke.com\/index.php?rest_route=%2Fwp%2Fv2%2Fproduct_tag&post=2515"}],"curies":[{"name":"wp","href":"https:\/\/api.w.org\/{rel}","templated":true}]}}