{"id":2506,"date":"2023-07-19T11:25:14","date_gmt":"2023-07-19T09:25:14","guid":{"rendered":"https:\/\/klima-theke.com\/produkt\/abflussrinne-solera-kit1020-klimaanlage-7-stuecke-10-x-20-mm\/"},"modified":"2023-10-27T14:58:40","modified_gmt":"2023-10-27T12:58:40","slug":"abflussrinne-solera-kit1020-klimaanlage-7-stuecke-10-x-20-mm","status":"publish","type":"product","link":"https:\/\/klima-theke.com\/?product=abflussrinne-solera-kit1020-klimaanlage-7-stuecke-10-x-20-mm","title":{"rendered":"Abflu\u00dfrinne Solera kit1020 Klimaanlage 7 St\u00fccke (10 x 20 mm)"},"content":{"rendered":"<p>Wenn Sie Haushaltsger\u00e4te zum besten Gro\u00dfhandelspreis suchen, dann verpassen Sie nicht Ihre Chance auf <b>Abflu\u00dfrinne Solera kit1020 Klimaanlage 7 St\u00fccke (10 x 20 mm)<\/b> sowie ein breites Sortiment an kleinen Haushaltsger\u00e4ten!<\/p>\n<ul>\n<li>Art:\n<ul>\n<li>Zuberh\u00f6r-Set<\/li>\n<li>Klimaanlage<\/li>\n<\/ul>\n<\/li>\n<li>Farbe: Wei\u00df<\/li>\n<li>Material: PVC<\/li>\n<li>Ma\u00dfe ca.: 10 x 20 mm<\/li>\n<li>Anzahl der St\u00fccke: 7 St\u00fccke<\/li>\n<\/ul>\n","protected":false},"excerpt":{"rendered":"<p>Wenn Sie Haushaltsger\u00e4te zum besten Gro\u00dfhandelspreis suchen, dann verpassen Sie nicht Ihre Chance auf Abflu\u00dfrinne Solera kit1020 Klimaanlage 7 St\u00fccke (10 x 20 mm) sowie ein breites Sortiment an kleinen Haushaltsger\u00e4ten! Art: Zuberh\u00f6r-Set Klimaanlage Farbe: Wei\u00df Material: PVC Ma\u00dfe ca.: 10 x 20 mm Anzahl der St\u00fccke: 7 St\u00fccke<\/p>\n","protected":false},"featured_media":123139,"template":"","meta":[],"product_cat":[34],"product_tag":[],"class_list":{"0":"post-2506","1":"product","2":"type-product","3":"status-publish","4":"has-post-thumbnail","6":"product_cat-tisch-standventilatoren","8":"first","9":"instock","10":"taxable","11":"shipping-taxable","12":"purchasable","13":"product-type-simple"},"_links":{"self":[{"href":"https:\/\/klima-theke.com\/index.php?rest_route=\/wp\/v2\/product\/2506","targetHints":{"allow":["GET"]}}],"collection":[{"href":"https:\/\/klima-theke.com\/index.php?rest_route=\/wp\/v2\/product"}],"about":[{"href":"https:\/\/klima-theke.com\/index.php?rest_route=\/wp\/v2\/types\/product"}],"wp:featuredmedia":[{"embeddable":true,"href":"https:\/\/klima-theke.com\/index.php?rest_route=\/wp\/v2\/media\/123139"}],"wp:attachment":[{"href":"https:\/\/klima-theke.com\/index.php?rest_route=%2Fwp%2Fv2%2Fmedia&parent=2506"}],"wp:term":[{"taxonomy":"product_cat","embeddable":true,"href":"https:\/\/klima-theke.com\/index.php?rest_route=%2Fwp%2Fv2%2Fproduct_cat&post=2506"},{"taxonomy":"product_tag","embeddable":true,"href":"https:\/\/klima-theke.com\/index.php?rest_route=%2Fwp%2Fv2%2Fproduct_tag&post=2506"}],"curies":[{"name":"wp","href":"https:\/\/api.w.org\/{rel}","templated":true}]}}