{"id":2504,"date":"2023-07-19T11:25:11","date_gmt":"2023-07-19T09:25:11","guid":{"rendered":"https:\/\/klima-theke.com\/produkt\/heizung-basic-home-elektrisch-800-w\/"},"modified":"2023-10-25T09:44:13","modified_gmt":"2023-10-25T07:44:13","slug":"heizung-basic-home-elektrisch-800-w","status":"publish","type":"product","link":"https:\/\/klima-theke.com\/?product=heizung-basic-home-elektrisch-800-w","title":{"rendered":"Heizung Basic Home Elektrisch 800 W"},"content":{"rendered":"<p>Wenn Sie Haushaltsger\u00e4te zum besten Gro\u00dfhandelspreis suchen, dann verpassen Sie nicht Ihre Chance auf <b>Heizung Basic Home Elektrisch 800 W<\/b> sowie ein breites Sortiment an kleinen Haushaltsger\u00e4ten!<\/p>\n<ul>\n<li>Leistung:\n<ul>\n<li>800 W<\/li>\n<li>2 Ebenen<\/li>\n<\/ul>\n<\/li>\n<li>Ma\u00dfe ca.: 37 x 25 cm<\/li>\n<li>Art:\n<ul>\n<li>Elektrisch<\/li>\n<li>Heizung<\/li>\n<\/ul>\n<\/li>\n<li>Farbe: Wei\u00df<\/li>\n<\/ul>\n","protected":false},"excerpt":{"rendered":"<p>Wenn Sie Haushaltsger\u00e4te zum besten Gro\u00dfhandelspreis suchen, dann verpassen Sie nicht Ihre Chance auf Heizung Basic Home Elektrisch 800 W sowie ein breites Sortiment an kleinen Haushaltsger\u00e4ten! Leistung: 800 W 2 Ebenen Ma\u00dfe ca.: 37 x 25 cm Art: Elektrisch Heizung Farbe: Wei\u00df<\/p>\n","protected":false},"featured_media":120359,"template":"","meta":[],"product_cat":[115],"product_tag":[],"class_list":{"0":"post-2504","1":"product","2":"type-product","3":"status-publish","4":"has-post-thumbnail","6":"product_cat-heizstrahler","8":"first","9":"instock","10":"taxable","11":"shipping-taxable","12":"purchasable","13":"product-type-simple"},"_links":{"self":[{"href":"https:\/\/klima-theke.com\/index.php?rest_route=\/wp\/v2\/product\/2504","targetHints":{"allow":["GET"]}}],"collection":[{"href":"https:\/\/klima-theke.com\/index.php?rest_route=\/wp\/v2\/product"}],"about":[{"href":"https:\/\/klima-theke.com\/index.php?rest_route=\/wp\/v2\/types\/product"}],"wp:featuredmedia":[{"embeddable":true,"href":"https:\/\/klima-theke.com\/index.php?rest_route=\/wp\/v2\/media\/120359"}],"wp:attachment":[{"href":"https:\/\/klima-theke.com\/index.php?rest_route=%2Fwp%2Fv2%2Fmedia&parent=2504"}],"wp:term":[{"taxonomy":"product_cat","embeddable":true,"href":"https:\/\/klima-theke.com\/index.php?rest_route=%2Fwp%2Fv2%2Fproduct_cat&post=2504"},{"taxonomy":"product_tag","embeddable":true,"href":"https:\/\/klima-theke.com\/index.php?rest_route=%2Fwp%2Fv2%2Fproduct_tag&post=2504"}],"curies":[{"name":"wp","href":"https:\/\/api.w.org\/{rel}","templated":true}]}}