{"id":24974,"date":"2023-07-31T17:30:41","date_gmt":"2023-07-31T15:30:41","guid":{"rendered":"https:\/\/klima-theke.com\/produkt\/tischventilator-grupo-fm-sb130-o-30-cm-30-w\/"},"modified":"2023-10-23T15:11:17","modified_gmt":"2023-10-23T13:11:17","slug":"tischventilator-grupo-fm-sb130-o-30-cm-30-w","status":"publish","type":"product","link":"https:\/\/klima-theke.com\/?product=tischventilator-grupo-fm-sb130-o-30-cm-30-w","title":{"rendered":"Tischventilator Grupo FM SB130 \u00d8 30 cm 30 W"},"content":{"rendered":"<p>Wenn Sie Haushaltsger\u00e4te zum besten Gro\u00dfhandelspreis suchen, dann verpassen Sie nicht Ihre Chance auf <b>Tischventilator Grupo FM SB130 \u00d8 30 cm 30 W<\/b> sowie ein breites Sortiment an kleinen Haushaltsger\u00e4ten!<\/p>\n<ul>\n<li>Merkmale: Leise<\/li>\n<li>Durchmesser: \u00d8 30 cm<\/li>\n<li>Geschwindigkeiten: 3<\/li>\n<li>Leistung: 30 W<\/li>\n<li>Spannung: 230 V \/ 50 Hz<\/li>\n<\/ul>\n","protected":false},"excerpt":{"rendered":"<p>Wenn Sie Haushaltsger\u00e4te zum besten Gro\u00dfhandelspreis suchen, dann verpassen Sie nicht Ihre Chance auf Tischventilator Grupo FM SB130 \u00d8 30 cm 30 W sowie ein breites Sortiment an kleinen Haushaltsger\u00e4ten! Merkmale: Leise Durchmesser: \u00d8 30 cm Geschwindigkeiten: 3 Leistung: 30 W Spannung: 230 V \/ 50 Hz<\/p>\n","protected":false},"featured_media":118677,"template":"","meta":[],"product_cat":[34],"product_tag":[],"class_list":{"0":"post-24974","1":"product","2":"type-product","3":"status-publish","4":"has-post-thumbnail","6":"product_cat-tisch-standventilatoren","8":"first","9":"instock","10":"taxable","11":"shipping-taxable","12":"purchasable","13":"product-type-simple"},"_links":{"self":[{"href":"https:\/\/klima-theke.com\/index.php?rest_route=\/wp\/v2\/product\/24974","targetHints":{"allow":["GET"]}}],"collection":[{"href":"https:\/\/klima-theke.com\/index.php?rest_route=\/wp\/v2\/product"}],"about":[{"href":"https:\/\/klima-theke.com\/index.php?rest_route=\/wp\/v2\/types\/product"}],"wp:featuredmedia":[{"embeddable":true,"href":"https:\/\/klima-theke.com\/index.php?rest_route=\/wp\/v2\/media\/118677"}],"wp:attachment":[{"href":"https:\/\/klima-theke.com\/index.php?rest_route=%2Fwp%2Fv2%2Fmedia&parent=24974"}],"wp:term":[{"taxonomy":"product_cat","embeddable":true,"href":"https:\/\/klima-theke.com\/index.php?rest_route=%2Fwp%2Fv2%2Fproduct_cat&post=24974"},{"taxonomy":"product_tag","embeddable":true,"href":"https:\/\/klima-theke.com\/index.php?rest_route=%2Fwp%2Fv2%2Fproduct_tag&post=24974"}],"curies":[{"name":"wp","href":"https:\/\/api.w.org\/{rel}","templated":true}]}}