{"id":24972,"date":"2023-07-31T17:30:38","date_gmt":"2023-07-31T15:30:38","guid":{"rendered":"https:\/\/klima-theke.com\/produkt\/heizkoerper-concorde-arkadi-plus-weiss-1000-w-2\/"},"modified":"2023-10-30T12:07:50","modified_gmt":"2023-10-30T10:07:50","slug":"heizkoerper-concorde-arkadi-plus-weiss-1000-w-2","status":"publish","type":"product","link":"https:\/\/klima-theke.com\/?product=heizkoerper-concorde-arkadi-plus-weiss-1000-w-2","title":{"rendered":"Heizk\u00f6rper CONCORDE Arkadi Plus Wei\u00df 1000 W"},"content":{"rendered":"<p>Wenn Sie bei der Einrichtung ihres Heims Wert auf Details legen und bei Produkten, die Ihnen das Leben leichter machen, auf dem letzten Stand sein m\u00f6chten, dann kaufen Sie <b>Heizk\u00f6rper CONCORDE Arkadi Plus Wei\u00df 1000 W<\/b> zum besten Preis.<\/p>\n<ul>\n<li>Farbe: Wei\u00df<\/li>\n<li>Leistung: 1000 W<\/li>\n<li>Merkmale:\n<ul>\n<li>Programmierbarer<\/li>\n<li>LCD-Screen<\/li>\n<\/ul>\n<\/li>\n<\/ul>\n","protected":false},"excerpt":{"rendered":"<p>Wenn Sie bei der Einrichtung ihres Heims Wert auf Details legen und bei Produkten, die Ihnen das Leben leichter machen, auf dem letzten Stand sein m\u00f6chten, dann kaufen Sie Heizk\u00f6rper CONCORDE Arkadi Plus Wei\u00df 1000 W zum besten Preis. Farbe: Wei\u00df Leistung: 1000 W Merkmale: Programmierbarer LCD-Screen<\/p>\n","protected":false},"featured_media":125115,"template":"","meta":[],"product_cat":[38],"product_tag":[],"class_list":{"0":"post-24972","1":"product","2":"type-product","3":"status-publish","4":"has-post-thumbnail","6":"product_cat-heizungen-zubehoer","8":"first","9":"outofstock","10":"taxable","11":"shipping-taxable","12":"purchasable","13":"product-type-simple"},"_links":{"self":[{"href":"https:\/\/klima-theke.com\/index.php?rest_route=\/wp\/v2\/product\/24972","targetHints":{"allow":["GET"]}}],"collection":[{"href":"https:\/\/klima-theke.com\/index.php?rest_route=\/wp\/v2\/product"}],"about":[{"href":"https:\/\/klima-theke.com\/index.php?rest_route=\/wp\/v2\/types\/product"}],"wp:featuredmedia":[{"embeddable":true,"href":"https:\/\/klima-theke.com\/index.php?rest_route=\/wp\/v2\/media\/125115"}],"wp:attachment":[{"href":"https:\/\/klima-theke.com\/index.php?rest_route=%2Fwp%2Fv2%2Fmedia&parent=24972"}],"wp:term":[{"taxonomy":"product_cat","embeddable":true,"href":"https:\/\/klima-theke.com\/index.php?rest_route=%2Fwp%2Fv2%2Fproduct_cat&post=24972"},{"taxonomy":"product_tag","embeddable":true,"href":"https:\/\/klima-theke.com\/index.php?rest_route=%2Fwp%2Fv2%2Fproduct_tag&post=24972"}],"curies":[{"name":"wp","href":"https:\/\/api.w.org\/{rel}","templated":true}]}}