{"id":2492,"date":"2023-07-19T11:25:01","date_gmt":"2023-07-19T09:25:01","guid":{"rendered":"https:\/\/klima-theke.com\/produkt\/oelheizung-tristar-ka-5179-2000-w\/"},"modified":"2023-10-30T13:00:21","modified_gmt":"2023-10-30T11:00:21","slug":"oelheizung-tristar-ka-5179-2000-w","status":"publish","type":"product","link":"https:\/\/klima-theke.com\/?product=oelheizung-tristar-ka-5179-2000-w","title":{"rendered":"\u00d6lheizung Tristar KA-5179 2000 W"},"content":{"rendered":"<p>Wenn Sie Haushaltsger\u00e4te zum besten Gro\u00dfhandelspreis suchen, dann verpassen Sie nicht Ihre Chance auf <b>\u00d6lheizung Tristar KA-5179 2000 W<\/b> sowie ein breites Sortiment an kleinen Haushaltsger\u00e4ten!<\/p>\n<ul>\n<li>Merkmale:\n<ul>\n<li>\u00dcberhitzungsschutz<\/li>\n<li>M\u00fchelos zu transportieren und aufzubewahren<\/li>\n<li>3 Verwendungsarten:<\/li>\n<li>Automatische Ausschaltung<\/li>\n<li>Ein\/Aus-Schalter<\/li>\n<li>LED-Anzeige<\/li>\n<li>3 Ebenen<\/li>\n<li>Kabelspeicher<\/li>\n<\/ul>\n<\/li>\n<li>Leistung: 2000 W<\/li>\n<li>Farbe: Wei\u00df<\/li>\n<li>Material: Eisen<\/li>\n<li>Lichttyp: Anzeige<\/li>\n<li>Spannung: 240 V<\/li>\n<li>Steckertyp: Art F<\/li>\n<li>L\u00e4nge des Kabels: 1,5 m<\/li>\n<li>Control Typ: Drehend<\/li>\n<li>Thermostat: Einstellbar<\/li>\n<li>Menge: 1 ud<\/li>\n<li>Geeignet f\u00fcr: Interieur<\/li>\n<\/ul>\n","protected":false},"excerpt":{"rendered":"<p>Wenn Sie Haushaltsger\u00e4te zum besten Gro\u00dfhandelspreis suchen, dann verpassen Sie nicht Ihre Chance auf \u00d6lheizung Tristar KA-5179 2000 W sowie ein breites Sortiment an kleinen Haushaltsger\u00e4ten! Merkmale: \u00dcberhitzungsschutz M\u00fchelos zu transportieren und aufzubewahren 3 Verwendungsarten: Automatische Ausschaltung Ein\/Aus-Schalter LED-Anzeige 3 Ebenen Kabelspeicher Leistung: 2000 W Farbe: Wei\u00df Material: Eisen Lichttyp: Anzeige Spannung: 240 V Steckertyp: [&#8230;]\n","protected":false},"featured_media":125197,"template":"","meta":[],"product_cat":[116],"product_tag":[],"class_list":{"0":"post-2492","1":"product","2":"type-product","3":"status-publish","4":"has-post-thumbnail","6":"product_cat-radiator-heizkoerper","8":"first","9":"instock","10":"taxable","11":"shipping-taxable","12":"purchasable","13":"product-type-simple"},"_links":{"self":[{"href":"https:\/\/klima-theke.com\/index.php?rest_route=\/wp\/v2\/product\/2492","targetHints":{"allow":["GET"]}}],"collection":[{"href":"https:\/\/klima-theke.com\/index.php?rest_route=\/wp\/v2\/product"}],"about":[{"href":"https:\/\/klima-theke.com\/index.php?rest_route=\/wp\/v2\/types\/product"}],"wp:featuredmedia":[{"embeddable":true,"href":"https:\/\/klima-theke.com\/index.php?rest_route=\/wp\/v2\/media\/125197"}],"wp:attachment":[{"href":"https:\/\/klima-theke.com\/index.php?rest_route=%2Fwp%2Fv2%2Fmedia&parent=2492"}],"wp:term":[{"taxonomy":"product_cat","embeddable":true,"href":"https:\/\/klima-theke.com\/index.php?rest_route=%2Fwp%2Fv2%2Fproduct_cat&post=2492"},{"taxonomy":"product_tag","embeddable":true,"href":"https:\/\/klima-theke.com\/index.php?rest_route=%2Fwp%2Fv2%2Fproduct_tag&post=2492"}],"curies":[{"name":"wp","href":"https:\/\/api.w.org\/{rel}","templated":true}]}}