{"id":2485,"date":"2023-07-19T11:24:54","date_gmt":"2023-07-19T09:24:54","guid":{"rendered":"https:\/\/klima-theke.com\/produkt\/halogen-heizung-1200-w-grau\/"},"modified":"2023-10-30T12:55:08","modified_gmt":"2023-10-30T10:55:08","slug":"halogen-heizung-1200-w-grau","status":"publish","type":"product","link":"https:\/\/klima-theke.com\/?product=halogen-heizung-1200-w-grau","title":{"rendered":"Halogen-Heizung 1200 W Grau"},"content":{"rendered":"<p>Wenn Sie Haushaltsger\u00e4te zum besten Gro\u00dfhandelspreis suchen, dann verpassen Sie nicht Ihre Chance auf <b>Halogen-Heizung 1200 W Grau<\/b> sowie ein breites Sortiment an kleinen Haushaltsger\u00e4ten!<\/p>\n<ul>\n<li>Farbe: Grau<\/li>\n<li>Material:\n<ul>\n<li>Kunststoff<\/li>\n<li>Stahl<\/li>\n<\/ul>\n<\/li>\n<li>L\u00e4nge des Kabels: 1,2 m<\/li>\n<li>Ma\u00dfe ca.: 27,5 x 57 x 38 cm<\/li>\n<li>Art: Halogen-Heizung<\/li>\n<li>Leistung: 1200 W<\/li>\n<li>3 Ebenen:\n<ul>\n<li>400 W<\/li>\n<li>800 W<\/li>\n<li>1200 W<\/li>\n<\/ul>\n<\/li>\n<\/ul>\n","protected":false},"excerpt":{"rendered":"<p>Wenn Sie Haushaltsger\u00e4te zum besten Gro\u00dfhandelspreis suchen, dann verpassen Sie nicht Ihre Chance auf Halogen-Heizung 1200 W Grau sowie ein breites Sortiment an kleinen Haushaltsger\u00e4ten! Farbe: Grau Material: Kunststoff Stahl L\u00e4nge des Kabels: 1,2 m Ma\u00dfe ca.: 27,5 x 57 x 38 cm Art: Halogen-Heizung Leistung: 1200 W 3 Ebenen: 400 W 800 W 1200 [&#8230;]\n","protected":false},"featured_media":125174,"template":"","meta":[],"product_cat":[115],"product_tag":[],"class_list":{"0":"post-2485","1":"product","2":"type-product","3":"status-publish","4":"has-post-thumbnail","6":"product_cat-heizstrahler","8":"first","9":"instock","10":"taxable","11":"shipping-taxable","12":"purchasable","13":"product-type-simple"},"_links":{"self":[{"href":"https:\/\/klima-theke.com\/index.php?rest_route=\/wp\/v2\/product\/2485","targetHints":{"allow":["GET"]}}],"collection":[{"href":"https:\/\/klima-theke.com\/index.php?rest_route=\/wp\/v2\/product"}],"about":[{"href":"https:\/\/klima-theke.com\/index.php?rest_route=\/wp\/v2\/types\/product"}],"wp:featuredmedia":[{"embeddable":true,"href":"https:\/\/klima-theke.com\/index.php?rest_route=\/wp\/v2\/media\/125174"}],"wp:attachment":[{"href":"https:\/\/klima-theke.com\/index.php?rest_route=%2Fwp%2Fv2%2Fmedia&parent=2485"}],"wp:term":[{"taxonomy":"product_cat","embeddable":true,"href":"https:\/\/klima-theke.com\/index.php?rest_route=%2Fwp%2Fv2%2Fproduct_cat&post=2485"},{"taxonomy":"product_tag","embeddable":true,"href":"https:\/\/klima-theke.com\/index.php?rest_route=%2Fwp%2Fv2%2Fproduct_tag&post=2485"}],"curies":[{"name":"wp","href":"https:\/\/api.w.org\/{rel}","templated":true}]}}