{"id":2441,"date":"2023-07-19T11:24:20","date_gmt":"2023-07-19T09:24:20","guid":{"rendered":"https:\/\/klima-theke.com\/produkt\/digitaler-heizkoerper-cecotec-ready-warm-800-thermal-connected-600-w\/"},"modified":"2023-09-30T20:29:51","modified_gmt":"2023-09-30T18:29:51","slug":"digitaler-heizkoerper-cecotec-ready-warm-800-thermal-connected-600-w","status":"publish","type":"product","link":"https:\/\/klima-theke.com\/?product=digitaler-heizkoerper-cecotec-ready-warm-800-thermal-connected-600-w","title":{"rendered":"Digitaler Heizk\u00f6rper Cecotec Ready Warm 800 Thermal Connected 600 W"},"content":{"rendered":"<p>Wenn Sie Haushaltsger\u00e4te zum besten Gro\u00dfhandelspreis suchen, dann verpassen Sie nicht Ihre Chance auf <b>Digitaler Heizk\u00f6rper Cecotec Ready Warm 800 Thermal Connected 600 W<\/b> sowie ein breites Sortiment an kleinen Haushaltsger\u00e4ten!<\/p>\n<ul>\n<li>Leistung: 600 W<\/li>\n<li>Merkmale:\n<ul>\n<li>LCD-Screen<\/li>\n<li>Wi-Fi<\/li>\n<li>Zeitschaltuhr<\/li>\n<li>Inklusive Fernbedienung<\/li>\n<\/ul>\n<\/li>\n<li>Reichweite: 18 m\u00b2<\/li>\n<li>Ungef\u00e4hres Gewicht: 3,4 kg<\/li>\n<li>Ma\u00dfe ca.: 63 x 26 x 41 cm<\/li>\n<\/ul>\n","protected":false},"excerpt":{"rendered":"<p>Wenn Sie Haushaltsger\u00e4te zum besten Gro\u00dfhandelspreis suchen, dann verpassen Sie nicht Ihre Chance auf Digitaler Heizk\u00f6rper Cecotec Ready Warm 800 Thermal Connected 600 W sowie ein breites Sortiment an kleinen Haushaltsger\u00e4ten! Leistung: 600 W Merkmale: LCD-Screen Wi-Fi Zeitschaltuhr Inklusive Fernbedienung Reichweite: 18 m\u00b2 Ungef\u00e4hres Gewicht: 3,4 kg Ma\u00dfe ca.: 63 x 26 x 41 cm<\/p>\n","protected":false},"featured_media":90586,"template":"","meta":[],"product_cat":[114],"product_tag":[],"class_list":{"0":"post-2441","1":"product","2":"type-product","3":"status-publish","4":"has-post-thumbnail","6":"product_cat-digitale-heizkoerper","8":"first","9":"instock","10":"taxable","11":"shipping-taxable","12":"purchasable","13":"product-type-simple"},"_links":{"self":[{"href":"https:\/\/klima-theke.com\/index.php?rest_route=\/wp\/v2\/product\/2441","targetHints":{"allow":["GET"]}}],"collection":[{"href":"https:\/\/klima-theke.com\/index.php?rest_route=\/wp\/v2\/product"}],"about":[{"href":"https:\/\/klima-theke.com\/index.php?rest_route=\/wp\/v2\/types\/product"}],"wp:featuredmedia":[{"embeddable":true,"href":"https:\/\/klima-theke.com\/index.php?rest_route=\/wp\/v2\/media\/90586"}],"wp:attachment":[{"href":"https:\/\/klima-theke.com\/index.php?rest_route=%2Fwp%2Fv2%2Fmedia&parent=2441"}],"wp:term":[{"taxonomy":"product_cat","embeddable":true,"href":"https:\/\/klima-theke.com\/index.php?rest_route=%2Fwp%2Fv2%2Fproduct_cat&post=2441"},{"taxonomy":"product_tag","embeddable":true,"href":"https:\/\/klima-theke.com\/index.php?rest_route=%2Fwp%2Fv2%2Fproduct_tag&post=2441"}],"curies":[{"name":"wp","href":"https:\/\/api.w.org\/{rel}","templated":true}]}}