{"id":2422,"date":"2023-07-19T11:24:08","date_gmt":"2023-07-19T09:24:08","guid":{"rendered":"https:\/\/klima-theke.com\/produkt\/oelheizung-11-kammern-black-decker-es9350060b-2000w\/"},"modified":"2023-10-15T10:00:08","modified_gmt":"2023-10-15T08:00:08","slug":"oelheizung-11-kammern-black-decker-es9350060b-2000w","status":"publish","type":"product","link":"https:\/\/klima-theke.com\/?product=oelheizung-11-kammern-black-decker-es9350060b-2000w","title":{"rendered":"\u00d6lheizung (11 Kammern) Black &amp; Decker ES9350060B 2000W"},"content":{"rendered":"<p>Wenn Sie Haushaltsger\u00e4te zum besten Gro\u00dfhandelspreis suchen, dann verpassen Sie nicht Ihre Chance auf <b>\u00d6lheizung (11 Kammern) Black &amp; Decker ES9350060B 2000W<\/b> sowie ein breites Sortiment an kleinen Haushaltsger\u00e4ten!<\/p>\n<ul>\n<li>Farbe: Schwarz<\/li>\n<li>Leistung:\n<ul>\n<li>2000 W<\/li>\n<li>Einstellbar<\/li>\n<\/ul>\n<\/li>\n<li>Stromquelle: Stromnetz<\/li>\n<li>Thermostat: Einstellbar<\/li>\n<\/ul>\n<p><\/p>\n<ul>\n<li>PartNumber: ES9350060B<\/li>\n<li>Color: Schwarz<\/li>\n<li>Model: ES9350060B<\/li>\n<\/ul>\n","protected":false},"excerpt":{"rendered":"<p>Wenn Sie Haushaltsger\u00e4te zum besten Gro\u00dfhandelspreis suchen, dann verpassen Sie nicht Ihre Chance auf \u00d6lheizung (11 Kammern) Black &amp; Decker ES9350060B 2000W sowie ein breites Sortiment an kleinen Haushaltsger\u00e4ten! Farbe: Schwarz Leistung: 2000 W Einstellbar Stromquelle: Stromnetz Thermostat: Einstellbar PartNumber: ES9350060B Color: Schwarz Model: ES9350060B<\/p>\n","protected":false},"featured_media":110813,"template":"","meta":[],"product_cat":[116],"product_tag":[],"class_list":{"0":"post-2422","1":"product","2":"type-product","3":"status-publish","4":"has-post-thumbnail","6":"product_cat-radiator-heizkoerper","8":"first","9":"outofstock","10":"taxable","11":"shipping-taxable","12":"purchasable","13":"product-type-simple"},"_links":{"self":[{"href":"https:\/\/klima-theke.com\/index.php?rest_route=\/wp\/v2\/product\/2422","targetHints":{"allow":["GET"]}}],"collection":[{"href":"https:\/\/klima-theke.com\/index.php?rest_route=\/wp\/v2\/product"}],"about":[{"href":"https:\/\/klima-theke.com\/index.php?rest_route=\/wp\/v2\/types\/product"}],"wp:featuredmedia":[{"embeddable":true,"href":"https:\/\/klima-theke.com\/index.php?rest_route=\/wp\/v2\/media\/110813"}],"wp:attachment":[{"href":"https:\/\/klima-theke.com\/index.php?rest_route=%2Fwp%2Fv2%2Fmedia&parent=2422"}],"wp:term":[{"taxonomy":"product_cat","embeddable":true,"href":"https:\/\/klima-theke.com\/index.php?rest_route=%2Fwp%2Fv2%2Fproduct_cat&post=2422"},{"taxonomy":"product_tag","embeddable":true,"href":"https:\/\/klima-theke.com\/index.php?rest_route=%2Fwp%2Fv2%2Fproduct_tag&post=2422"}],"curies":[{"name":"wp","href":"https:\/\/api.w.org\/{rel}","templated":true}]}}