{"id":2402,"date":"2023-07-19T11:23:52","date_gmt":"2023-07-19T09:23:52","guid":{"rendered":"https:\/\/klima-theke.com\/produkt\/fuesse-edm-33936-ventilator-ersatzteil\/"},"modified":"2023-10-28T13:57:25","modified_gmt":"2023-10-28T11:57:25","slug":"fuesse-edm-33936-ventilator-ersatzteil","status":"publish","type":"product","link":"https:\/\/klima-theke.com\/?product=fuesse-edm-33936-ventilator-ersatzteil","title":{"rendered":"F\u00fc\u00dfe EDM 33936 Ventilator Ersatzteil"},"content":{"rendered":"<p>Wenn Sie bei der Einrichtung ihres Heims Wert auf Details legen und bei Produkten, die Ihnen das Leben leichter machen, auf dem letzten Stand sein m\u00f6chten, dann kaufen Sie <b>F\u00fc\u00dfe EDM 33936 Ventilator Ersatzteil<\/b> zum besten Preis.<\/p>\n<ul>\n<li>Material: Aluminium<\/li>\n<li>Farbe: Silberfarben<\/li>\n<li>Art: Ersatzteil<\/li>\n<li>Geeignet f\u00fcr: Ventilator<\/li>\n<\/ul>\n","protected":false},"excerpt":{"rendered":"<p>Wenn Sie bei der Einrichtung ihres Heims Wert auf Details legen und bei Produkten, die Ihnen das Leben leichter machen, auf dem letzten Stand sein m\u00f6chten, dann kaufen Sie F\u00fc\u00dfe EDM 33936 Ventilator Ersatzteil zum besten Preis. Material: Aluminium Farbe: Silberfarben Art: Ersatzteil Geeignet f\u00fcr: Ventilator<\/p>\n","protected":false},"featured_media":123778,"template":"","meta":[],"product_cat":[34],"product_tag":[],"class_list":{"0":"post-2402","1":"product","2":"type-product","3":"status-publish","4":"has-post-thumbnail","6":"product_cat-tisch-standventilatoren","8":"first","9":"outofstock","10":"taxable","11":"shipping-taxable","12":"purchasable","13":"product-type-simple"},"_links":{"self":[{"href":"https:\/\/klima-theke.com\/index.php?rest_route=\/wp\/v2\/product\/2402","targetHints":{"allow":["GET"]}}],"collection":[{"href":"https:\/\/klima-theke.com\/index.php?rest_route=\/wp\/v2\/product"}],"about":[{"href":"https:\/\/klima-theke.com\/index.php?rest_route=\/wp\/v2\/types\/product"}],"wp:featuredmedia":[{"embeddable":true,"href":"https:\/\/klima-theke.com\/index.php?rest_route=\/wp\/v2\/media\/123778"}],"wp:attachment":[{"href":"https:\/\/klima-theke.com\/index.php?rest_route=%2Fwp%2Fv2%2Fmedia&parent=2402"}],"wp:term":[{"taxonomy":"product_cat","embeddable":true,"href":"https:\/\/klima-theke.com\/index.php?rest_route=%2Fwp%2Fv2%2Fproduct_cat&post=2402"},{"taxonomy":"product_tag","embeddable":true,"href":"https:\/\/klima-theke.com\/index.php?rest_route=%2Fwp%2Fv2%2Fproduct_tag&post=2402"}],"curies":[{"name":"wp","href":"https:\/\/api.w.org\/{rel}","templated":true}]}}