{"id":2360,"date":"2023-07-19T11:23:21","date_gmt":"2023-07-19T09:23:21","guid":{"rendered":"https:\/\/klima-theke.com\/produkt\/digitaler-heizkoerper-cecotec-readywarm-800-thermal-black-600w\/"},"modified":"2023-10-16T20:34:13","modified_gmt":"2023-10-16T18:34:13","slug":"digitaler-heizkoerper-cecotec-readywarm-800-thermal-black-600w","status":"publish","type":"product","link":"https:\/\/klima-theke.com\/?product=digitaler-heizkoerper-cecotec-readywarm-800-thermal-black-600w","title":{"rendered":"Digitaler Heizk\u00f6rper Cecotec ReadyWarm 800 Thermal Black 600W"},"content":{"rendered":"<ul>\n<li>Leistung: 600 W<\/li>\n<li>Reichweite: 8 m\u00b2<\/li>\n<li>Merkmale: \u00dcberhitzungsschutz<\/li>\n<li>Farbe: Schwarz<\/li>\n<li>Stromquelle: Elektrokabel.<\/li>\n<\/ul>\n<p>Wenn Sie Haushaltsger\u00e4te zum besten Gro\u00dfhandelspreis suchen, dann verpassen Sie nicht Ihre Chance auf <b>Digitaler Heizk\u00f6rper Cecotec ReadyWarm 800 Thermal Black 600W<\/b> sowie ein breites Sortiment an kleinen Haushaltsger\u00e4ten!<\/p>\n","protected":false},"excerpt":{"rendered":"<p>Leistung: 600 W Reichweite: 8 m\u00b2 Merkmale: \u00dcberhitzungsschutz Farbe: Schwarz Stromquelle: Elektrokabel. Wenn Sie Haushaltsger\u00e4te zum besten Gro\u00dfhandelspreis suchen, dann verpassen Sie nicht Ihre Chance auf Digitaler Heizk\u00f6rper Cecotec ReadyWarm 800 Thermal Black 600W sowie ein breites Sortiment an kleinen Haushaltsger\u00e4ten!<\/p>\n","protected":false},"featured_media":112529,"template":"","meta":[],"product_cat":[114],"product_tag":[],"class_list":{"0":"post-2360","1":"product","2":"type-product","3":"status-publish","4":"has-post-thumbnail","6":"product_cat-digitale-heizkoerper","8":"first","9":"instock","10":"taxable","11":"shipping-taxable","12":"purchasable","13":"product-type-simple"},"_links":{"self":[{"href":"https:\/\/klima-theke.com\/index.php?rest_route=\/wp\/v2\/product\/2360","targetHints":{"allow":["GET"]}}],"collection":[{"href":"https:\/\/klima-theke.com\/index.php?rest_route=\/wp\/v2\/product"}],"about":[{"href":"https:\/\/klima-theke.com\/index.php?rest_route=\/wp\/v2\/types\/product"}],"wp:featuredmedia":[{"embeddable":true,"href":"https:\/\/klima-theke.com\/index.php?rest_route=\/wp\/v2\/media\/112529"}],"wp:attachment":[{"href":"https:\/\/klima-theke.com\/index.php?rest_route=%2Fwp%2Fv2%2Fmedia&parent=2360"}],"wp:term":[{"taxonomy":"product_cat","embeddable":true,"href":"https:\/\/klima-theke.com\/index.php?rest_route=%2Fwp%2Fv2%2Fproduct_cat&post=2360"},{"taxonomy":"product_tag","embeddable":true,"href":"https:\/\/klima-theke.com\/index.php?rest_route=%2Fwp%2Fv2%2Fproduct_tag&post=2360"}],"curies":[{"name":"wp","href":"https:\/\/api.w.org\/{rel}","templated":true}]}}