{"id":2308,"date":"2023-07-19T11:22:45","date_gmt":"2023-07-19T09:22:45","guid":{"rendered":"https:\/\/klima-theke.com\/produkt\/digitaler-heizkoerper-cecotec-readywarm-1200-thermal-black-900-w\/"},"modified":"2023-10-16T20:04:42","modified_gmt":"2023-10-16T18:04:42","slug":"digitaler-heizkoerper-cecotec-readywarm-1200-thermal-black-900-w","status":"publish","type":"product","link":"https:\/\/klima-theke.com\/?product=digitaler-heizkoerper-cecotec-readywarm-1200-thermal-black-900-w","title":{"rendered":"Digitaler Heizk\u00f6rper Cecotec ReadyWarm 1200 Thermal Black 900 W"},"content":{"rendered":"<ul>\n<li>Reichweite: 10 m\u00b2<\/li>\n<li>Merkmale:\n<ul>\n<li>\u00dcberhitzungsschutz<\/li>\n<li>Programmierbarer Thermostat<\/li>\n<\/ul>\n<\/li>\n<li>Leistung: 900 W<\/li>\n<\/ul>\n<p>Wenn Sie Haushaltsger\u00e4te zum besten Gro\u00dfhandelspreis suchen, dann verpassen Sie nicht Ihre Chance auf <b>Digitaler Heizk\u00f6rper Cecotec ReadyWarm 1200 Thermal Black 900 W<\/b> sowie ein breites Sortiment an kleinen Haushaltsger\u00e4ten!<\/p>\n","protected":false},"excerpt":{"rendered":"<p>Reichweite: 10 m\u00b2 Merkmale: \u00dcberhitzungsschutz Programmierbarer Thermostat Leistung: 900 W Wenn Sie Haushaltsger\u00e4te zum besten Gro\u00dfhandelspreis suchen, dann verpassen Sie nicht Ihre Chance auf Digitaler Heizk\u00f6rper Cecotec ReadyWarm 1200 Thermal Black 900 W sowie ein breites Sortiment an kleinen Haushaltsger\u00e4ten!<\/p>\n","protected":false},"featured_media":112369,"template":"","meta":[],"product_cat":[114],"product_tag":[],"class_list":{"0":"post-2308","1":"product","2":"type-product","3":"status-publish","4":"has-post-thumbnail","6":"product_cat-digitale-heizkoerper","8":"first","9":"instock","10":"taxable","11":"shipping-taxable","12":"purchasable","13":"product-type-simple"},"_links":{"self":[{"href":"https:\/\/klima-theke.com\/index.php?rest_route=\/wp\/v2\/product\/2308","targetHints":{"allow":["GET"]}}],"collection":[{"href":"https:\/\/klima-theke.com\/index.php?rest_route=\/wp\/v2\/product"}],"about":[{"href":"https:\/\/klima-theke.com\/index.php?rest_route=\/wp\/v2\/types\/product"}],"wp:featuredmedia":[{"embeddable":true,"href":"https:\/\/klima-theke.com\/index.php?rest_route=\/wp\/v2\/media\/112369"}],"wp:attachment":[{"href":"https:\/\/klima-theke.com\/index.php?rest_route=%2Fwp%2Fv2%2Fmedia&parent=2308"}],"wp:term":[{"taxonomy":"product_cat","embeddable":true,"href":"https:\/\/klima-theke.com\/index.php?rest_route=%2Fwp%2Fv2%2Fproduct_cat&post=2308"},{"taxonomy":"product_tag","embeddable":true,"href":"https:\/\/klima-theke.com\/index.php?rest_route=%2Fwp%2Fv2%2Fproduct_tag&post=2308"}],"curies":[{"name":"wp","href":"https:\/\/api.w.org\/{rel}","templated":true}]}}