{"id":2219,"date":"2023-07-19T11:21:23","date_gmt":"2023-07-19T09:21:23","guid":{"rendered":"https:\/\/klima-theke.com\/produkt\/luftbefeuchter-dcook-weiss-kunststoff-03-l\/"},"modified":"2023-10-30T12:29:18","modified_gmt":"2023-10-30T10:29:18","slug":"luftbefeuchter-dcook-weiss-kunststoff-03-l","status":"publish","type":"product","link":"https:\/\/klima-theke.com\/?product=luftbefeuchter-dcook-weiss-kunststoff-03-l","title":{"rendered":"Luftbefeuchter Dcook Wei\u00df Kunststoff (0,3 L)"},"content":{"rendered":"<p>Wenn Sie Haushaltsger\u00e4te zum besten Gro\u00dfhandelspreis suchen, dann verpassen Sie nicht Ihre Chance auf <b>Luftbefeuchter Dcook Wei\u00df Kunststoff (0,3 L)<\/b> sowie ein breites Sortiment an kleinen Haushaltsger\u00e4ten!<\/p>\n<ul>\n<li>Farbe: Wei\u00df<\/li>\n<li>Material:\n<ul>\n<li>Kunststoff<\/li>\n<li>Kunststoff<\/li>\n<\/ul>\n<\/li>\n<li>Kapazit\u00e4t: 0,3 L<\/li>\n<\/ul>\n","protected":false},"excerpt":{"rendered":"<p>Wenn Sie Haushaltsger\u00e4te zum besten Gro\u00dfhandelspreis suchen, dann verpassen Sie nicht Ihre Chance auf Luftbefeuchter Dcook Wei\u00df Kunststoff (0,3 L) sowie ein breites Sortiment an kleinen Haushaltsger\u00e4ten! Farbe: Wei\u00df Material: Kunststoff Kunststoff Kapazit\u00e4t: 0,3 L<\/p>\n","protected":false},"featured_media":125146,"template":"","meta":[],"product_cat":[35],"product_tag":[],"class_list":{"0":"post-2219","1":"product","2":"type-product","3":"status-publish","4":"has-post-thumbnail","6":"product_cat-luftbefeuchter-diffusor","8":"first","9":"instock","10":"taxable","11":"shipping-taxable","12":"purchasable","13":"product-type-simple"},"_links":{"self":[{"href":"https:\/\/klima-theke.com\/index.php?rest_route=\/wp\/v2\/product\/2219","targetHints":{"allow":["GET"]}}],"collection":[{"href":"https:\/\/klima-theke.com\/index.php?rest_route=\/wp\/v2\/product"}],"about":[{"href":"https:\/\/klima-theke.com\/index.php?rest_route=\/wp\/v2\/types\/product"}],"wp:featuredmedia":[{"embeddable":true,"href":"https:\/\/klima-theke.com\/index.php?rest_route=\/wp\/v2\/media\/125146"}],"wp:attachment":[{"href":"https:\/\/klima-theke.com\/index.php?rest_route=%2Fwp%2Fv2%2Fmedia&parent=2219"}],"wp:term":[{"taxonomy":"product_cat","embeddable":true,"href":"https:\/\/klima-theke.com\/index.php?rest_route=%2Fwp%2Fv2%2Fproduct_cat&post=2219"},{"taxonomy":"product_tag","embeddable":true,"href":"https:\/\/klima-theke.com\/index.php?rest_route=%2Fwp%2Fv2%2Fproduct_tag&post=2219"}],"curies":[{"name":"wp","href":"https:\/\/api.w.org\/{rel}","templated":true}]}}