{"id":2196,"date":"2023-07-19T09:21:04","date_gmt":"2023-07-19T09:21:04","guid":{"rendered":"https:\/\/klima-theke.com\/produkt\/deckenventilator-mit-lampe-edm-caspio-weiss-60-w\/"},"modified":"2023-08-27T16:14:39","modified_gmt":"2023-08-27T14:14:39","slug":"deckenventilator-mit-lampe-edm-caspio-weiss-60-w","status":"publish","type":"product","link":"https:\/\/klima-theke.com\/?product=deckenventilator-mit-lampe-edm-caspio-weiss-60-w","title":{"rendered":"Deckenventilator mit Lampe EDM Caspio Wei\u00df 60 W"},"content":{"rendered":"<p>Wenn Sie Haushaltsger\u00e4te zum besten Gro\u00dfhandelspreis suchen, dann verpassen Sie nicht Ihre Chance auf <b>Deckenventilator mit Lampe EDM Caspio Wei\u00df 60 W<\/b> sowie ein breites Sortiment an kleinen Haushaltsger\u00e4ten!<\/p>\n<ul>\n<li>Farbe: Wei\u00df<\/li>\n<li>Geschwindigkeiten: 3<\/li>\n<li>Stromquelle: Stromnetz<\/li>\n<li>Enthalten: Fernbedienung<\/li>\n<li>Schutz: IP20<\/li>\n<li>Durchmesser: \u00d8 132 cm<\/li>\n<li>Klinge: 4<\/li>\n<li>Leistung: 60 W<\/li>\n<li>Art: Deckenventilator<\/li>\n<\/ul>\n","protected":false},"excerpt":{"rendered":"<p>Wenn Sie Haushaltsger\u00e4te zum besten Gro\u00dfhandelspreis suchen, dann verpassen Sie nicht Ihre Chance auf Deckenventilator mit Lampe EDM Caspio Wei\u00df 60 W sowie ein breites Sortiment an kleinen Haushaltsger\u00e4ten! Farbe: Wei\u00df Geschwindigkeiten: 3 Stromquelle: Stromnetz Enthalten: Fernbedienung Schutz: IP20 Durchmesser: \u00d8 132 cm Klinge: 4 Leistung: 60 W Art: Deckenventilator<\/p>\n","protected":false},"featured_media":52836,"template":"","meta":[],"product_cat":[36],"product_tag":[],"class_list":{"0":"post-2196","1":"product","2":"type-product","3":"status-publish","4":"has-post-thumbnail","6":"product_cat-deckenventilatoren","8":"first","9":"outofstock","10":"taxable","11":"shipping-taxable","12":"purchasable","13":"product-type-simple"},"_links":{"self":[{"href":"https:\/\/klima-theke.com\/index.php?rest_route=\/wp\/v2\/product\/2196","targetHints":{"allow":["GET"]}}],"collection":[{"href":"https:\/\/klima-theke.com\/index.php?rest_route=\/wp\/v2\/product"}],"about":[{"href":"https:\/\/klima-theke.com\/index.php?rest_route=\/wp\/v2\/types\/product"}],"wp:featuredmedia":[{"embeddable":true,"href":"https:\/\/klima-theke.com\/index.php?rest_route=\/wp\/v2\/media\/52836"}],"wp:attachment":[{"href":"https:\/\/klima-theke.com\/index.php?rest_route=%2Fwp%2Fv2%2Fmedia&parent=2196"}],"wp:term":[{"taxonomy":"product_cat","embeddable":true,"href":"https:\/\/klima-theke.com\/index.php?rest_route=%2Fwp%2Fv2%2Fproduct_cat&post=2196"},{"taxonomy":"product_tag","embeddable":true,"href":"https:\/\/klima-theke.com\/index.php?rest_route=%2Fwp%2Fv2%2Fproduct_tag&post=2196"}],"curies":[{"name":"wp","href":"https:\/\/api.w.org\/{rel}","templated":true}]}}