{"id":2185,"date":"2023-07-19T11:20:56","date_gmt":"2023-07-19T09:20:56","guid":{"rendered":"https:\/\/klima-theke.com\/produkt\/redfire-gartenofen-kingston-43-x-120-cm-stahl-mattschwarz\/"},"modified":"2023-10-30T11:40:25","modified_gmt":"2023-10-30T09:40:25","slug":"redfire-gartenofen-kingston-43-x-120-cm-stahl-mattschwarz","status":"publish","type":"product","link":"https:\/\/klima-theke.com\/?product=redfire-gartenofen-kingston-43-x-120-cm-stahl-mattschwarz","title":{"rendered":"RedFire Gartenofen Kingston 43 x 120 cm Stahl Mattschwarz"},"content":{"rendered":"<p>Mit dem mattschwarzen Kingston Gartenofen von RedFire verleihen Sie Ihrem Garten eine warme Note. Dieser Gartenkamin ist 43 cm breit und nimmt daher nicht zu viel Platz ein. Er gibt jedoch allseitig W\u00e4rme durch das leitf\u00e4hige Material ab. Der Gartenofen mit Edelstahl-Finish entfernt den Rauch und verleiht der Feuerstelle eine zeitgem\u00e4\u00dfe Optik. Dar\u00fcber hinaus ist der Kingston mit einem unteren Fach zur Holzaufbewahrung ausgestattet, das sich ideal eignet, um Holz schnell zu trocknen und sp\u00e4ter zu verwenden. Dieser Gartenkamin wird mit einem Feuerhaken und einem Holzgrill geliefert. HinweisBitte lassen Sie Feuerstellen nicht unbeaufsichtigt und erlauben Sie Kindern nicht, das Feuer zu ber\u00fchren oder damit zu spielen.<\/p>\n<ul>\n<li>Farbe: Mattschwarz<\/li>\n<li>Material: Stahl<\/li>\n<li>Gr\u00f6\u00dfe: 43 x 120 cm (Durchmesser x H)<\/li>\n<li>2-in-1 Feuerstelle und Holzlagerung<\/li>\n<li>Gro\u00dfe Nachf\u00fcll\u00f6ffnung<\/li>\n<li>Rauchabzug mit Edelstahl-Ring<\/li>\n<li>Lieferung umfasst: 1 x Feuerhaken, 1 x Grill<\/li>\n<\/ul>\n","protected":false},"excerpt":{"rendered":"<p>30 Tage R\u00fcckgabefrist: einfach bestellen und testen!<\/p>\n","protected":false},"featured_media":125101,"template":"","meta":[],"product_cat":[39],"product_tag":[],"class_list":{"0":"post-2185","1":"product","2":"type-product","3":"status-publish","4":"has-post-thumbnail","6":"product_cat-kamine-grills-grillkamine","8":"first","9":"outofstock","10":"sale","11":"taxable","12":"shipping-taxable","13":"purchasable","14":"product-type-simple"},"_links":{"self":[{"href":"https:\/\/klima-theke.com\/index.php?rest_route=\/wp\/v2\/product\/2185","targetHints":{"allow":["GET"]}}],"collection":[{"href":"https:\/\/klima-theke.com\/index.php?rest_route=\/wp\/v2\/product"}],"about":[{"href":"https:\/\/klima-theke.com\/index.php?rest_route=\/wp\/v2\/types\/product"}],"wp:featuredmedia":[{"embeddable":true,"href":"https:\/\/klima-theke.com\/index.php?rest_route=\/wp\/v2\/media\/125101"}],"wp:attachment":[{"href":"https:\/\/klima-theke.com\/index.php?rest_route=%2Fwp%2Fv2%2Fmedia&parent=2185"}],"wp:term":[{"taxonomy":"product_cat","embeddable":true,"href":"https:\/\/klima-theke.com\/index.php?rest_route=%2Fwp%2Fv2%2Fproduct_cat&post=2185"},{"taxonomy":"product_tag","embeddable":true,"href":"https:\/\/klima-theke.com\/index.php?rest_route=%2Fwp%2Fv2%2Fproduct_tag&post=2185"}],"curies":[{"name":"wp","href":"https:\/\/api.w.org\/{rel}","templated":true}]}}