{"id":2159,"date":"2023-07-19T11:20:38","date_gmt":"2023-07-19T09:20:38","guid":{"rendered":"https:\/\/klima-theke.com\/produkt\/tristar-steckdosen-heizluefter-ka-5084-400w\/"},"modified":"2023-10-29T09:21:38","modified_gmt":"2023-10-29T07:21:38","slug":"tristar-steckdosen-heizluefter-ka-5084-400w","status":"publish","type":"product","link":"https:\/\/klima-theke.com\/?product=tristar-steckdosen-heizluefter-ka-5084-400w","title":{"rendered":"Tristar Steckdosen-Heizl\u00fcfter KA-5084 400W"},"content":{"rendered":"<p>Diese kompakte KA-5084 Keramik-Heizl\u00fcfter von Tristar bietet die perfekte Heizl\u00f6sung f\u00fcr Ihr Zuhause. Sie verf\u00fcgt \u00fcber einen programmierbaren Timer und eine Digitalanzeige. Dieser Elektroheizer verf\u00fcgt \u00fcber einen Thermostat und 2 verschiedene Einstellungen. Dank einer Leistung von 400 Watt verbraucht er nicht zu viel Energie, jedoch haben Sie im Handumdrehen ein warmes Zimmer. Der Heizer ist mit einem leistungsf\u00e4higen Heizelement aus Keramik ausgestattet. Die Kontrollleuchte zeigt an, ob das Ger\u00e4t eingeschaltet ist oder nicht. Dank des \u00dcberhitzungsschutzes ist das Heizger\u00e4t auch sicher im Gebrauch. Hinweis: Dieses Produkt ist nur f\u00fcr gut isolierte R\u00e4ume oder den gelegentlichen Gebrauch geeignet.<\/p>\n<ul>\n<li>Farbe: Wei\u00df und Schwarz<\/li>\n<li>Material: Kunststoff<\/li>\n<li>Abmessungen: 13,2 x 8 x 16 cm (L x B x H)<\/li>\n<li>Leistung: 400 W<\/li>\n<li>Stromversorgung: 220-240 V~, 50\/60 Hz<\/li>\n<li>Programmierbarer Timer: 1-12 Stunden<\/li>\n<li>Einstellbarer Thermostat<\/li>\n<li>Digitales Bedienfeld<\/li>\n<li>Heizelement: PTC-Keramik<\/li>\n<li>Einstellbare L\u00fcftergeschwindigkeit (hoch\/niedrig)<\/li>\n<li>\u00dcberhitzungsschutz<\/li>\n<li>Kontrolllampe<\/li>\n<li><strong>Hinweis:<\/strong> Dieses Produkt ist nur f\u00fcr gut isolierte R\u00e4ume oder den gelegentlichen Gebrauch geeignet.<\/li>\n<\/ul>\n","protected":false},"excerpt":{"rendered":"<p>Diese kompakte KA-5084 Keramik-Heizl\u00fcfter von Tristar bietet die perfekte Heizl\u00f6sung f\u00fcr Ihr Zuhause. Sie verf\u00fcgt \u00fcber einen programmierbaren Timer und eine Digitalanzeige. Dieser Elektroheizer verf\u00fcgt \u00fcber einen Thermostat und 2 verschiedene Einstellungen. Dank einer Leistung von 400 Watt verbraucht er nicht zu viel Energie, jedoch haben Sie im Handumdrehen ein warmes Zimmer. Der Heizer ist [&#8230;]\n","protected":false},"featured_media":124091,"template":"","meta":[],"product_cat":[117],"product_tag":[],"class_list":{"0":"post-2159","1":"product","2":"type-product","3":"status-publish","4":"has-post-thumbnail","6":"product_cat-heizluefter","8":"first","9":"instock","10":"taxable","11":"shipping-taxable","12":"purchasable","13":"product-type-simple"},"_links":{"self":[{"href":"https:\/\/klima-theke.com\/index.php?rest_route=\/wp\/v2\/product\/2159","targetHints":{"allow":["GET"]}}],"collection":[{"href":"https:\/\/klima-theke.com\/index.php?rest_route=\/wp\/v2\/product"}],"about":[{"href":"https:\/\/klima-theke.com\/index.php?rest_route=\/wp\/v2\/types\/product"}],"wp:featuredmedia":[{"embeddable":true,"href":"https:\/\/klima-theke.com\/index.php?rest_route=\/wp\/v2\/media\/124091"}],"wp:attachment":[{"href":"https:\/\/klima-theke.com\/index.php?rest_route=%2Fwp%2Fv2%2Fmedia&parent=2159"}],"wp:term":[{"taxonomy":"product_cat","embeddable":true,"href":"https:\/\/klima-theke.com\/index.php?rest_route=%2Fwp%2Fv2%2Fproduct_cat&post=2159"},{"taxonomy":"product_tag","embeddable":true,"href":"https:\/\/klima-theke.com\/index.php?rest_route=%2Fwp%2Fv2%2Fproduct_tag&post=2159"}],"curies":[{"name":"wp","href":"https:\/\/api.w.org\/{rel}","templated":true}]}}