{"id":2083,"date":"2023-07-19T11:19:44","date_gmt":"2023-07-19T09:19:44","guid":{"rendered":"https:\/\/klima-theke.com\/produkt\/mini-ultraschall-luftbefeuchter-mit-leds-koolizer-innovagoods\/"},"modified":"2023-10-24T09:53:28","modified_gmt":"2023-10-24T07:53:28","slug":"mini-ultraschall-luftbefeuchter-mit-leds-koolizer-innovagoods","status":"publish","type":"product","link":"https:\/\/klima-theke.com\/?product=mini-ultraschall-luftbefeuchter-mit-leds-koolizer-innovagoods","title":{"rendered":"Mini-Ultraschall-Luftbefeuchter mit LEDs Koolizer InnovaGoods"},"content":{"rendered":"<p><b>InnovaGoods<\/b> bietet Ihnen die Neuheiten f\u00fcr Ihr Zuhause, wie zum Beispiel <b>Mini-Ultraschall-Luftbefeuchter mit LEDs Koolizer InnovaGoods <\/b>! Entdecken Sie eine breite Palette von Qualit\u00e4tsprodukten, die sich durch Funktionalit\u00e4t, Effizienz und innovatives Design auszeichnen: Beleuchtung, Organisation, Dekoration, Klimaanlage, Garten, Haustiere, Reinigung, etc.<\/p>\n<p>Ein Mini-Ultraschall-Luftbefeuchter mit LEDs, der dank seines modernen und vielseitigen Multifunktionsdesigns eine k\u00fchlere und angenehmere Atmosph\u00e4re schafft. Sein Frontgitter ist verstellbar, um den Luftstrom nach oben oder unten zu lenken. Au\u00dferdem ist er dank seiner Ultraschalltechnologie leise und unauff\u00e4llig. Der Tank hat ein Fassungsverm\u00f6gen von 200 ml und muss mit Mineralwasser bef\u00fcllt werden. Sie k\u00f6nnen aber auch ein paar Tropfen Aroma-Essenzen oder zersto\u00dfenes Eis hinzuf\u00fcgen, um das Gef\u00fchl von Sauberkeit und Frische zu verst\u00e4rken, den K\u00e4lteeffekt zu verst\u00e4rken und den Raum wie bei einem Aromadiffusor zu parf\u00fcmieren. Er verf\u00fcgt \u00fcber eine mehrfarbige LED-Beleuchtung (optionale Verwendung) und erm\u00f6glicht die Auswahl zwischen 3 Geschwindigkeiten (niedrig, mittel, hoch). Die Funktionen von Gebl\u00e4se und Befeuchter sind unabh\u00e4ngig voneinander und k\u00f6nnen je nach Wunsch getrennt oder gemeinsam aktiviert werden. Dieses kompakte, leichte und tragbare Mini-Klimager\u00e4t ist sehr bequem und einfach zu bedienen und \u00fcberallhin mitzunehmen. Das Kabel mit USB-Stecker erm\u00f6glicht den Anschluss an eine beliebige USB-Quelle, z. B. einen Laptop, eine Powerbank usw., oder an das Stromnetz \u00fcber einen Adapter (nicht im Lieferumfang enthalten).<\/p>\n<p><\/p>\n<ul>\n<li>Material: ABS<\/li>\n<li>Farbe:\n<ul>\n<li>Wei\u00df<\/li>\n<li>Grau<\/li>\n<\/ul>\n<\/li>\n<li>Modernes und elegantes Design: Innovativ und funktionell<\/li>\n<li>Art:\n<ul>\n<li>Elektrisch<\/li>\n<li>Leise<\/li>\n<li>Kompakt<\/li>\n<li>Multifunktion<\/li>\n<\/ul>\n<\/li>\n<li>Luftbefeuchter: Ultraschall-Technik<\/li>\n<li>Einstellbarer Frontgrill: Gerichteter Luftstrom<\/li>\n<li>Kapazit\u00e4t: 200 ml<\/li>\n<li>3 Geschwindigkeitsstufen: Einstellbare Geschwindigkeit<\/li>\n<li>LED Leicht: Bunt<\/li>\n<li>Aroma-Diffusor: Verwendung mit Wasser, Aromen, Essenzen&#8230; (nicht mitgeliefert)<\/li>\n<li>Originell und handlich: Praktisch und benutzerfreundlich<\/li>\n<li>Leicht und einfach zu handhaben: M\u00fchelos zu transportieren und aufzubewahren<\/li>\n<li>Spr\u00fchverfahren: 28 ml\/h (\u00b115 %)<\/li>\n<li>L\u00e4rmpegel: 45 dB<\/li>\n<li>L\u00e4nge des Kabels: 100 cm<\/li>\n<li>Steckertyp: USB<\/li>\n<li>Leistung: 4,5 W<\/li>\n<li>DC In: 5 V \/ 2 A<\/li>\n<li>Ma\u00dfe ca.: 13,5 x 18 x 9 cm<\/li>\n<li>Verpackung und Anleitung in 24 Sprachen: Englisch, Franz\u00f6sisch, Spanisch, Deutsch, Italienisch, Portugiesisch, Niederl\u00e4ndisch, Polnisch, Ungarisch, Rum\u00e4nisch, D\u00e4nisch, Schwedisch, Finnisch, Litauisch, Norwegisch, Slowenisch, Griechisch, Tschechisch, Bulgarisch, Kroatisch, Slowakisch, Estnisch, Russisch, Lettisch<\/li>\n<\/ul>\n","protected":false},"excerpt":{"rendered":"<p>InnovaGoods bietet Ihnen die Neuheiten f\u00fcr Ihr Zuhause, wie zum Beispiel Mini-Ultraschall-Luftbefeuchter mit LEDs Koolizer InnovaGoods ! Entdecken Sie eine breite Palette von Qualit\u00e4tsprodukten, die sich durch Funktionalit\u00e4t, Effizienz und innovatives Design auszeichnen: Beleuchtung, Organisation, Dekoration, Klimaanlage, Garten, Haustiere, Reinigung, etc. Ein Mini-Ultraschall-Luftbefeuchter mit LEDs, der dank seines modernen und vielseitigen Multifunktionsdesigns eine k\u00fchlere und [&#8230;]\n","protected":false},"featured_media":119504,"template":"","meta":[],"product_cat":[35],"product_tag":[],"class_list":{"0":"post-2083","1":"product","2":"type-product","3":"status-publish","4":"has-post-thumbnail","6":"product_cat-luftbefeuchter-diffusor","8":"first","9":"outofstock","10":"taxable","11":"shipping-taxable","12":"purchasable","13":"product-type-simple"},"_links":{"self":[{"href":"https:\/\/klima-theke.com\/index.php?rest_route=\/wp\/v2\/product\/2083","targetHints":{"allow":["GET"]}}],"collection":[{"href":"https:\/\/klima-theke.com\/index.php?rest_route=\/wp\/v2\/product"}],"about":[{"href":"https:\/\/klima-theke.com\/index.php?rest_route=\/wp\/v2\/types\/product"}],"wp:featuredmedia":[{"embeddable":true,"href":"https:\/\/klima-theke.com\/index.php?rest_route=\/wp\/v2\/media\/119504"}],"wp:attachment":[{"href":"https:\/\/klima-theke.com\/index.php?rest_route=%2Fwp%2Fv2%2Fmedia&parent=2083"}],"wp:term":[{"taxonomy":"product_cat","embeddable":true,"href":"https:\/\/klima-theke.com\/index.php?rest_route=%2Fwp%2Fv2%2Fproduct_cat&post=2083"},{"taxonomy":"product_tag","embeddable":true,"href":"https:\/\/klima-theke.com\/index.php?rest_route=%2Fwp%2Fv2%2Fproduct_tag&post=2083"}],"curies":[{"name":"wp","href":"https:\/\/api.w.org\/{rel}","templated":true}]}}