{"id":1986,"date":"2023-07-19T11:18:33","date_gmt":"2023-07-19T09:18:33","guid":{"rendered":"https:\/\/klima-theke.com\/produkt\/oelheizung-9-kammern-haeger-elan-ix-2000-w\/"},"modified":"2023-10-27T19:42:45","modified_gmt":"2023-10-27T17:42:45","slug":"oelheizung-9-kammern-haeger-elan-ix-2000-w","status":"publish","type":"product","link":"https:\/\/klima-theke.com\/?product=oelheizung-9-kammern-haeger-elan-ix-2000-w","title":{"rendered":"\u00d6lheizung (9 Kammern) Haeger Elan IX 2000 W"},"content":{"rendered":"<p>Wenn Sie Haushaltsger\u00e4te zum besten Gro\u00dfhandelspreis suchen, dann verpassen Sie nicht Ihre Chance auf <b>\u00d6lheizung (9 Kammern) Haeger Elan IX 2000 W 2000 W<\/b> sowie ein breites Sortiment an kleinen Haushaltsger\u00e4ten!<\/p>\n<ul>\n<li>Leistung: 2000 W<\/li>\n<li>Merkmale:\n<ul>\n<li>Programmierbarer Thermostat<\/li>\n<li>\u00dcberhitzungsschutz<\/li>\n<li>Kabelspeicher<\/li>\n<\/ul>\n<\/li>\n<li>Temperaturstufen: 3<\/li>\n<\/ul>\n","protected":false},"excerpt":{"rendered":"<p>Wenn Sie Haushaltsger\u00e4te zum besten Gro\u00dfhandelspreis suchen, dann verpassen Sie nicht Ihre Chance auf \u00d6lheizung (9 Kammern) Haeger Elan IX 2000 W 2000 W sowie ein breites Sortiment an kleinen Haushaltsger\u00e4ten! Leistung: 2000 W Merkmale: Programmierbarer Thermostat \u00dcberhitzungsschutz Kabelspeicher Temperaturstufen: 3<\/p>\n","protected":false},"featured_media":123343,"template":"","meta":[],"product_cat":[116],"product_tag":[],"class_list":{"0":"post-1986","1":"product","2":"type-product","3":"status-publish","4":"has-post-thumbnail","6":"product_cat-radiator-heizkoerper","8":"first","9":"instock","10":"taxable","11":"shipping-taxable","12":"purchasable","13":"product-type-simple"},"_links":{"self":[{"href":"https:\/\/klima-theke.com\/index.php?rest_route=\/wp\/v2\/product\/1986","targetHints":{"allow":["GET"]}}],"collection":[{"href":"https:\/\/klima-theke.com\/index.php?rest_route=\/wp\/v2\/product"}],"about":[{"href":"https:\/\/klima-theke.com\/index.php?rest_route=\/wp\/v2\/types\/product"}],"wp:featuredmedia":[{"embeddable":true,"href":"https:\/\/klima-theke.com\/index.php?rest_route=\/wp\/v2\/media\/123343"}],"wp:attachment":[{"href":"https:\/\/klima-theke.com\/index.php?rest_route=%2Fwp%2Fv2%2Fmedia&parent=1986"}],"wp:term":[{"taxonomy":"product_cat","embeddable":true,"href":"https:\/\/klima-theke.com\/index.php?rest_route=%2Fwp%2Fv2%2Fproduct_cat&post=1986"},{"taxonomy":"product_tag","embeddable":true,"href":"https:\/\/klima-theke.com\/index.php?rest_route=%2Fwp%2Fv2%2Fproduct_tag&post=1986"}],"curies":[{"name":"wp","href":"https:\/\/api.w.org\/{rel}","templated":true}]}}