{"id":1980,"date":"2023-07-19T11:18:29","date_gmt":"2023-07-19T09:18:29","guid":{"rendered":"https:\/\/klima-theke.com\/produkt\/freistehender-ventilator-basic-home-weiss-40w\/"},"modified":"2023-10-25T13:07:07","modified_gmt":"2023-10-25T11:07:07","slug":"freistehender-ventilator-basic-home-weiss-40w","status":"publish","type":"product","link":"https:\/\/klima-theke.com\/?product=freistehender-ventilator-basic-home-weiss-40w","title":{"rendered":"Freistehender Ventilator Basic Home Wei\u00df 40W"},"content":{"rendered":"<p>Wenn Sie Haushaltsger\u00e4te zum besten Gro\u00dfhandelspreis suchen, dann verpassen Sie nicht Ihre Chance auf <b>Freistehender Ventilator Basic Home Wei\u00df 40W<\/b> sowie ein breites Sortiment an kleinen Haushaltsger\u00e4ten!<\/p>\n<ul>\n<li>Geschwindigkeiten: 3<\/li>\n<li>Durchmesser: \u00d8 40 cm<\/li>\n<li>Leistung: 40 W<\/li>\n<li>Farbe: Wei\u00df<\/li>\n<li>Merkmale: Oszillierend<\/li>\n<\/ul>\n","protected":false},"excerpt":{"rendered":"<p>Wenn Sie Haushaltsger\u00e4te zum besten Gro\u00dfhandelspreis suchen, dann verpassen Sie nicht Ihre Chance auf Freistehender Ventilator Basic Home Wei\u00df 40W sowie ein breites Sortiment an kleinen Haushaltsger\u00e4ten! Geschwindigkeiten: 3 Durchmesser: \u00d8 40 cm Leistung: 40 W Farbe: Wei\u00df Merkmale: Oszillierend<\/p>\n","protected":false},"featured_media":120544,"template":"","meta":[],"product_cat":[34],"product_tag":[],"class_list":{"0":"post-1980","1":"product","2":"type-product","3":"status-publish","4":"has-post-thumbnail","6":"product_cat-tisch-standventilatoren","8":"first","9":"instock","10":"taxable","11":"shipping-taxable","12":"purchasable","13":"product-type-simple"},"_links":{"self":[{"href":"https:\/\/klima-theke.com\/index.php?rest_route=\/wp\/v2\/product\/1980","targetHints":{"allow":["GET"]}}],"collection":[{"href":"https:\/\/klima-theke.com\/index.php?rest_route=\/wp\/v2\/product"}],"about":[{"href":"https:\/\/klima-theke.com\/index.php?rest_route=\/wp\/v2\/types\/product"}],"wp:featuredmedia":[{"embeddable":true,"href":"https:\/\/klima-theke.com\/index.php?rest_route=\/wp\/v2\/media\/120544"}],"wp:attachment":[{"href":"https:\/\/klima-theke.com\/index.php?rest_route=%2Fwp%2Fv2%2Fmedia&parent=1980"}],"wp:term":[{"taxonomy":"product_cat","embeddable":true,"href":"https:\/\/klima-theke.com\/index.php?rest_route=%2Fwp%2Fv2%2Fproduct_cat&post=1980"},{"taxonomy":"product_tag","embeddable":true,"href":"https:\/\/klima-theke.com\/index.php?rest_route=%2Fwp%2Fv2%2Fproduct_tag&post=1980"}],"curies":[{"name":"wp","href":"https:\/\/api.w.org\/{rel}","templated":true}]}}