{"id":1943,"date":"2023-07-19T11:18:05","date_gmt":"2023-07-19T09:18:05","guid":{"rendered":"https:\/\/klima-theke.com\/produkt\/oelheizung-7-kammern-bastilipo-rac71500-1500w\/"},"modified":"2023-10-26T13:50:50","modified_gmt":"2023-10-26T11:50:50","slug":"oelheizung-7-kammern-bastilipo-rac71500-1500w","status":"publish","type":"product","link":"https:\/\/klima-theke.com\/?product=oelheizung-7-kammern-bastilipo-rac71500-1500w","title":{"rendered":"\u00d6lheizung (7 Kammern) Bastilipo RAC71500 1500W"},"content":{"rendered":"<p>Wenn Sie Haushaltsger\u00e4te zum besten Gro\u00dfhandelspreis suchen, dann verpassen Sie nicht Ihre Chance auf <b>\u00d6lheizung (7 Kammern) Bastilipo RAC71500 1500W<\/b> sowie ein breites Sortiment an kleinen Haushaltsger\u00e4ten!<\/p>\n<ul>\n<li>Art: \u00d6lheizung (7 Kammern)<\/li>\n<li>Farbe: Wei\u00df<\/li>\n<li>Leistung: 1500 W<\/li>\n<li>Spannung: 240 V<\/li>\n<li>Stromquelle: Elektrizit\u00e4t<\/li>\n<li>Gewicht: 6,3 kg<\/li>\n<\/ul>\n","protected":false},"excerpt":{"rendered":"<p>Wenn Sie Haushaltsger\u00e4te zum besten Gro\u00dfhandelspreis suchen, dann verpassen Sie nicht Ihre Chance auf \u00d6lheizung (7 Kammern) Bastilipo RAC71500 1500W sowie ein breites Sortiment an kleinen Haushaltsger\u00e4ten! Art: \u00d6lheizung (7 Kammern) Farbe: Wei\u00df Leistung: 1500 W Spannung: 240 V Stromquelle: Elektrizit\u00e4t Gewicht: 6,3 kg<\/p>\n","protected":false},"featured_media":122115,"template":"","meta":[],"product_cat":[116],"product_tag":[],"class_list":{"0":"post-1943","1":"product","2":"type-product","3":"status-publish","4":"has-post-thumbnail","6":"product_cat-radiator-heizkoerper","8":"first","9":"outofstock","10":"taxable","11":"shipping-taxable","12":"purchasable","13":"product-type-simple"},"_links":{"self":[{"href":"https:\/\/klima-theke.com\/index.php?rest_route=\/wp\/v2\/product\/1943","targetHints":{"allow":["GET"]}}],"collection":[{"href":"https:\/\/klima-theke.com\/index.php?rest_route=\/wp\/v2\/product"}],"about":[{"href":"https:\/\/klima-theke.com\/index.php?rest_route=\/wp\/v2\/types\/product"}],"wp:featuredmedia":[{"embeddable":true,"href":"https:\/\/klima-theke.com\/index.php?rest_route=\/wp\/v2\/media\/122115"}],"wp:attachment":[{"href":"https:\/\/klima-theke.com\/index.php?rest_route=%2Fwp%2Fv2%2Fmedia&parent=1943"}],"wp:term":[{"taxonomy":"product_cat","embeddable":true,"href":"https:\/\/klima-theke.com\/index.php?rest_route=%2Fwp%2Fv2%2Fproduct_cat&post=1943"},{"taxonomy":"product_tag","embeddable":true,"href":"https:\/\/klima-theke.com\/index.php?rest_route=%2Fwp%2Fv2%2Fproduct_tag&post=1943"}],"curies":[{"name":"wp","href":"https:\/\/api.w.org\/{rel}","templated":true}]}}