{"id":1910,"date":"2023-07-19T11:17:38","date_gmt":"2023-07-19T09:17:38","guid":{"rendered":"https:\/\/klima-theke.com\/produkt\/oelheizung-9-kammern-bastilipo-rac92000-2000w\/"},"modified":"2023-09-25T13:30:08","modified_gmt":"2023-09-25T11:30:08","slug":"oelheizung-9-kammern-bastilipo-rac92000-2000w","status":"publish","type":"product","link":"https:\/\/klima-theke.com\/?product=oelheizung-9-kammern-bastilipo-rac92000-2000w","title":{"rendered":"\u00d6lheizung (9 Kammern) Bastilipo RAC92000 2000W"},"content":{"rendered":"<p>Wenn Sie Haushaltsger\u00e4te zum besten Gro\u00dfhandelspreis suchen, dann verpassen Sie nicht Ihre Chance auf <b>\u00d6lheizung (9 Kammern) Bastilipo RAC92000 2000W<\/b> sowie ein breites Sortiment an kleinen Haushaltsger\u00e4ten!<\/p>\n<ul>\n<li>Art: \u00d6lheizung (9 Kammern)<\/li>\n<li>Farbe: Wei\u00df<\/li>\n<li>Leistung: 2000W<\/li>\n<li>Stromquelle: Elektrizit\u00e4t<\/li>\n<\/ul>\n","protected":false},"excerpt":{"rendered":"<p>Wenn Sie Haushaltsger\u00e4te zum besten Gro\u00dfhandelspreis suchen, dann verpassen Sie nicht Ihre Chance auf \u00d6lheizung (9 Kammern) Bastilipo RAC92000 2000W sowie ein breites Sortiment an kleinen Haushaltsger\u00e4ten! Art: \u00d6lheizung (9 Kammern) Farbe: Wei\u00df Leistung: 2000W Stromquelle: Elektrizit\u00e4t<\/p>\n","protected":false},"featured_media":84770,"template":"","meta":[],"product_cat":[116],"product_tag":[],"class_list":{"0":"post-1910","1":"product","2":"type-product","3":"status-publish","4":"has-post-thumbnail","6":"product_cat-radiator-heizkoerper","8":"first","9":"outofstock","10":"taxable","11":"shipping-taxable","12":"purchasable","13":"product-type-simple"},"_links":{"self":[{"href":"https:\/\/klima-theke.com\/index.php?rest_route=\/wp\/v2\/product\/1910","targetHints":{"allow":["GET"]}}],"collection":[{"href":"https:\/\/klima-theke.com\/index.php?rest_route=\/wp\/v2\/product"}],"about":[{"href":"https:\/\/klima-theke.com\/index.php?rest_route=\/wp\/v2\/types\/product"}],"wp:featuredmedia":[{"embeddable":true,"href":"https:\/\/klima-theke.com\/index.php?rest_route=\/wp\/v2\/media\/84770"}],"wp:attachment":[{"href":"https:\/\/klima-theke.com\/index.php?rest_route=%2Fwp%2Fv2%2Fmedia&parent=1910"}],"wp:term":[{"taxonomy":"product_cat","embeddable":true,"href":"https:\/\/klima-theke.com\/index.php?rest_route=%2Fwp%2Fv2%2Fproduct_cat&post=1910"},{"taxonomy":"product_tag","embeddable":true,"href":"https:\/\/klima-theke.com\/index.php?rest_route=%2Fwp%2Fv2%2Fproduct_tag&post=1910"}],"curies":[{"name":"wp","href":"https:\/\/api.w.org\/{rel}","templated":true}]}}