{"id":1880,"date":"2023-07-19T11:17:17","date_gmt":"2023-07-19T09:17:17","guid":{"rendered":"https:\/\/klima-theke.com\/produkt\/brennholztraeger-algon-38-x-35-x-40-cm\/"},"modified":"2023-10-02T20:13:08","modified_gmt":"2023-10-02T18:13:08","slug":"brennholztraeger-algon-38-x-35-x-40-cm","status":"publish","type":"product","link":"https:\/\/klima-theke.com\/?product=brennholztraeger-algon-38-x-35-x-40-cm","title":{"rendered":"Brennholztr\u00e4ger Algon (38 x 35 x 40 cm)"},"content":{"rendered":"<p>Wenn Sie bei der Einrichtung ihres Heims Wert auf Details legen und bei Produkten, die Ihnen das Leben leichter machen, auf dem letzten Stand sein m\u00f6chten, dann kaufen Sie <b>Brennholztr\u00e4ger Algon (38 x 35 x 40 cm)<\/b> zum besten Preis.<\/p>\n<ul>\n<li>Farbe: Schwarz<\/li>\n<li>Material: Stahl<\/li>\n<li>Enthalten: Mit oberem Griff<\/li>\n<li>Ma\u00dfe ca.: 38 x 35 x 40 cm<\/li>\n<\/ul>\n","protected":false},"excerpt":{"rendered":"<p>Wenn Sie bei der Einrichtung ihres Heims Wert auf Details legen und bei Produkten, die Ihnen das Leben leichter machen, auf dem letzten Stand sein m\u00f6chten, dann kaufen Sie Brennholztr\u00e4ger Algon (38 x 35 x 40 cm) zum besten Preis. Farbe: Schwarz Material: Stahl Enthalten: Mit oberem Griff Ma\u00dfe ca.: 38 x 35 x 40 [&#8230;]\n","protected":false},"featured_media":92514,"template":"","meta":[],"product_cat":[47],"product_tag":[],"class_list":{"0":"post-1880","1":"product","2":"type-product","3":"status-publish","4":"has-post-thumbnail","6":"product_cat-kaminzubehoer","8":"first","9":"outofstock","10":"taxable","11":"shipping-taxable","12":"purchasable","13":"product-type-simple"},"_links":{"self":[{"href":"https:\/\/klima-theke.com\/index.php?rest_route=\/wp\/v2\/product\/1880","targetHints":{"allow":["GET"]}}],"collection":[{"href":"https:\/\/klima-theke.com\/index.php?rest_route=\/wp\/v2\/product"}],"about":[{"href":"https:\/\/klima-theke.com\/index.php?rest_route=\/wp\/v2\/types\/product"}],"wp:featuredmedia":[{"embeddable":true,"href":"https:\/\/klima-theke.com\/index.php?rest_route=\/wp\/v2\/media\/92514"}],"wp:attachment":[{"href":"https:\/\/klima-theke.com\/index.php?rest_route=%2Fwp%2Fv2%2Fmedia&parent=1880"}],"wp:term":[{"taxonomy":"product_cat","embeddable":true,"href":"https:\/\/klima-theke.com\/index.php?rest_route=%2Fwp%2Fv2%2Fproduct_cat&post=1880"},{"taxonomy":"product_tag","embeddable":true,"href":"https:\/\/klima-theke.com\/index.php?rest_route=%2Fwp%2Fv2%2Fproduct_tag&post=1880"}],"curies":[{"name":"wp","href":"https:\/\/api.w.org\/{rel}","templated":true}]}}