{"id":1643,"date":"2023-07-19T11:14:12","date_gmt":"2023-07-19T09:14:12","guid":{"rendered":"https:\/\/klima-theke.com\/produkt\/redfire-gartenkamin-napa-schwarz\/"},"modified":"2023-10-29T11:02:43","modified_gmt":"2023-10-29T09:02:43","slug":"redfire-gartenkamin-napa-schwarz","status":"publish","type":"product","link":"https:\/\/klima-theke.com\/?product=redfire-gartenkamin-napa-schwarz","title":{"rendered":"RedFire Gartenkamin Napa Schwarz"},"content":{"rendered":"<p>Dieser Napa Gartenkamin in Mattschwarz-Finish hat einen zeitlos modernen Look und ist eine sch\u00f6ne Erg\u00e4nzung f\u00fcr Ihren Garten. Auf der Oberseite befindet sich ein stilvoller Schornstein, der den Rauch gleichm\u00e4\u00dfig ableitet und f\u00fcr ein besonders charmantes Aussehen sorgt. Die Napa Feuerstelle hat ein handliches, kompaktes Design und ist leicht zu bewegen, geeignet f\u00fcr jeden Platz im Garten. Dank des mitgelieferten Werkzeugs ist er auch einfach zu montieren. Befestigen Sie den Schornstein auf dem Kaminteil und montieren Sie einfach die drei Beine darunter. So k\u00f6nnen Sie die W\u00e4rme im Handumdrehen genie\u00dfen!<\/p>\n<ul>\n<li>Farbe: Mattschwarz<\/li>\n<li>Material: Stahl<\/li>\n<li>Gr\u00f6\u00dfe: 35 x 108 cm (Durchmesser x H)<\/li>\n<li>Einzigartiges Design mit Aussparungen<\/li>\n<li>Schwarze hitzebest\u00e4ndige Pulverbeschichtung<\/li>\n<li>Stylischer Schornstein (f\u00fcr optimalen Rauchabzug)<\/li>\n<li>Einfacher Zusammenbau<\/li>\n<li>Gewicht: 4,5 kg<\/li>\n<li>Lieferung inkl. Werkzeug zur einfachen Beinmontage<\/li>\n<\/ul>\n","protected":false},"excerpt":{"rendered":"<p>Dieser Napa Gartenkamin in Mattschwarz-Finish hat einen zeitlos modernen Look und ist eine sch\u00f6ne Erg\u00e4nzung f\u00fcr Ihren Garten. Auf der Oberseite befindet sich ein stilvoller Schornstein, der den Rauch gleichm\u00e4\u00dfig ableitet und f\u00fcr ein besonders charmantes Aussehen sorgt. Die Napa Feuerstelle hat ein handliches, kompaktes Design und ist leicht zu bewegen, geeignet f\u00fcr jeden Platz [&#8230;]\n","protected":false},"featured_media":124340,"template":"","meta":[],"product_cat":[39],"product_tag":[],"class_list":{"0":"post-1643","1":"product","2":"type-product","3":"status-publish","4":"has-post-thumbnail","6":"product_cat-kamine-grills-grillkamine","8":"first","9":"instock","10":"taxable","11":"shipping-taxable","12":"purchasable","13":"product-type-simple"},"_links":{"self":[{"href":"https:\/\/klima-theke.com\/index.php?rest_route=\/wp\/v2\/product\/1643","targetHints":{"allow":["GET"]}}],"collection":[{"href":"https:\/\/klima-theke.com\/index.php?rest_route=\/wp\/v2\/product"}],"about":[{"href":"https:\/\/klima-theke.com\/index.php?rest_route=\/wp\/v2\/types\/product"}],"wp:featuredmedia":[{"embeddable":true,"href":"https:\/\/klima-theke.com\/index.php?rest_route=\/wp\/v2\/media\/124340"}],"wp:attachment":[{"href":"https:\/\/klima-theke.com\/index.php?rest_route=%2Fwp%2Fv2%2Fmedia&parent=1643"}],"wp:term":[{"taxonomy":"product_cat","embeddable":true,"href":"https:\/\/klima-theke.com\/index.php?rest_route=%2Fwp%2Fv2%2Fproduct_cat&post=1643"},{"taxonomy":"product_tag","embeddable":true,"href":"https:\/\/klima-theke.com\/index.php?rest_route=%2Fwp%2Fv2%2Fproduct_tag&post=1643"}],"curies":[{"name":"wp","href":"https:\/\/api.w.org\/{rel}","templated":true}]}}