{"id":1568,"date":"2023-07-19T11:13:18","date_gmt":"2023-07-19T09:13:18","guid":{"rendered":"https:\/\/klima-theke.com\/produkt\/raster-fepre-moskitonetz-eingelassen-weiss-abs-o-10-11-cm\/"},"modified":"2023-10-27T09:52:08","modified_gmt":"2023-10-27T07:52:08","slug":"raster-fepre-moskitonetz-eingelassen-weiss-abs-o-10-11-cm","status":"publish","type":"product","link":"https:\/\/klima-theke.com\/?product=raster-fepre-moskitonetz-eingelassen-weiss-abs-o-10-11-cm","title":{"rendered":"Raster Fepre Moskitonetz Eingelassen Wei\u00df ABS (\u00d8 10-11 cm)"},"content":{"rendered":"<p>Wenn Sie bei der Einrichtung ihres Heims Wert auf Details legen und bei Produkten, die Ihnen das Leben leichter machen, auf dem letzten Stand sein m\u00f6chten, dann kaufen Sie <b>Raster Fepre Moskitonetz Eingelassen Wei\u00df ABS (\u00d8 10-11 cm)<\/b> zum besten Preis.<\/p>\n<ul>\n<li>Art: Raster<\/li>\n<li>Farbe: Wei\u00df<\/li>\n<li>Material: ABS<\/li>\n<li>Enthalten: Moskitonetz<\/li>\n<li>Durchmesser: \u00d8 10-11 cm<\/li>\n<li>Installationsart: Eingelassen<\/li>\n<\/ul>\n","protected":false},"excerpt":{"rendered":"<p>Wenn Sie bei der Einrichtung ihres Heims Wert auf Details legen und bei Produkten, die Ihnen das Leben leichter machen, auf dem letzten Stand sein m\u00f6chten, dann kaufen Sie Raster Fepre Moskitonetz Eingelassen Wei\u00df ABS (\u00d8 10-11 cm) zum besten Preis. Art: Raster Farbe: Wei\u00df Material: ABS Enthalten: Moskitonetz Durchmesser: \u00d8 10-11 cm Installationsart: Eingelassen<\/p>\n","protected":false},"featured_media":122858,"template":"","meta":[],"product_cat":[34],"product_tag":[],"class_list":{"0":"post-1568","1":"product","2":"type-product","3":"status-publish","4":"has-post-thumbnail","6":"product_cat-tisch-standventilatoren","8":"first","9":"instock","10":"taxable","11":"shipping-taxable","12":"purchasable","13":"product-type-simple"},"_links":{"self":[{"href":"https:\/\/klima-theke.com\/index.php?rest_route=\/wp\/v2\/product\/1568","targetHints":{"allow":["GET"]}}],"collection":[{"href":"https:\/\/klima-theke.com\/index.php?rest_route=\/wp\/v2\/product"}],"about":[{"href":"https:\/\/klima-theke.com\/index.php?rest_route=\/wp\/v2\/types\/product"}],"wp:featuredmedia":[{"embeddable":true,"href":"https:\/\/klima-theke.com\/index.php?rest_route=\/wp\/v2\/media\/122858"}],"wp:attachment":[{"href":"https:\/\/klima-theke.com\/index.php?rest_route=%2Fwp%2Fv2%2Fmedia&parent=1568"}],"wp:term":[{"taxonomy":"product_cat","embeddable":true,"href":"https:\/\/klima-theke.com\/index.php?rest_route=%2Fwp%2Fv2%2Fproduct_cat&post=1568"},{"taxonomy":"product_tag","embeddable":true,"href":"https:\/\/klima-theke.com\/index.php?rest_route=%2Fwp%2Fv2%2Fproduct_tag&post=1568"}],"curies":[{"name":"wp","href":"https:\/\/api.w.org\/{rel}","templated":true}]}}